{"id":361,"date":"2011-12-12T14:06:40","date_gmt":"2011-12-12T12:06:40","guid":{"rendered":"https:\/\/indecosoft.ro\/site\/?page_id=361"},"modified":"2017-09-29T08:52:58","modified_gmt":"2017-09-29T06:52:58","slug":"servicii","status":"publish","type":"page","link":"https:\/\/indecosoft.ro\/site\/servicii\/","title":{"rendered":"Servicii"},"content":{"rendered":"<p><section class=\"kc-elm kc-css-56426 kc_row\"><div class=\"kc-row-container  kc-container\"><div class=\"kc-wrap-columns\"><div class=\"kc-elm kc-css-802479 kc_col-sm-12 kc_column kc_col-sm-12\"><div class=\"kc-col-container\"><div class=\"kc-elm kc-css-806813 kc_shortcode kc_single_image\">\n\n        <img decoding=\"async\" src=\"https:\/\/www.indecosoft.ro\/site\/wp-content\/uploads\/2011\/12\/servicii-1.jpg\" class=\"\" alt=\"\" \/>    <\/div>\n<div class=\"kc-elm kc-css-438284\" style=\"height: 50px; clear: both; width:100%;\"><\/div>\n<div class=\"kc-elm kc-css-217132 kc-animated kc-animate-eff-bounceInRight kc-animate-delay-500 kc-animate-speed-3.5s kc-title-wrap \">\n\n\t<h5 class=\"kc_title\">Servicii<\/h5>\n<\/div>\n<div class=\"kc-elm kc-css-509327\" style=\"height: 50px; clear: both; width:100%;\"><\/div><\/div><\/div><\/div><\/div><\/section><section class=\"kc-elm kc-css-749897 kc_row\"><div class=\"kc-row-container  kc-container\"><div class=\"kc-wrap-columns\"><div class=\"kc-elm kc-css-241189 kc_col-sm-6 kc_column kc_col-sm-6\"><div class=\"kc-col-container\"><div class=\"kc-elm kc-css-504549 kc_text_block\"><\/p>\n<p><span style=\"font-style: inherit;\">Prin achizi\u021bia \u0219i utilizarea aplica\u021biilor produse sub brandul Indeco Soft, dumneavoastr\u0103 a\u021bi\u00a0stabilit premisele unei activit\u0103\u021bi coerente, \u00een spiritul legisla\u021biei \u00een vigoare \u0219i \u00een respect fa\u021b\u0103 de contribuabilii, partenerii \u0219i clien\u0163ii dumneavoastr\u0103.<\/span><\/p>\n<p style=\"text-align: justify;\">Pentru ca aceast\u0103 colaborare s\u0103 se transforme \u00eentr-un parteneriat strategic, de lung\u0103 durat\u0103, cu beneficii palpabile pentru organiza\u021bia dumneavoatr\u0103, <strong>Indeco Soft v\u0103 ofer\u0103 un pachet de servicii complex de suport \u0219i mentenan\u0163\u0103 post implementare:<\/strong><\/p>\n<ul style=\"text-align: justify;\">\n<li>Actualizarea pachetelor informatice cu modific\u0103rile legislative<\/li>\n<li>Suport \u00een analiza, planificarea \u0219i executarea modific\u0103rilor la cerere<\/li>\n<li>Actualizarea documenta\u021biei pentru administrarea \u0219i exploatarea aplica\u021biilor<\/li>\n<li>Opera\u021bii de \u00eentre\u021binere, optimizare, validare \u0219i corectare a bazelor de date<\/li>\n<li>Sesiuni de instruiri periodice pentru facilit\u0103\u021bile nou ap\u0103rute \u00een aplica\u021bii sau pentru utilizatorii mai pu\u021bin familiariza\u021bi cu aplica\u021biile<\/li>\n<li>Backup zilnic automat al bazelor de date; \u00een caz de avarie se garanteaz\u0103 recuperarea datelor \u00een propor\u021bie de 100% la nivelul ultimului backup disponibil<\/li>\n<\/ul>\n<p><!--:--><\/p>\n<p>\n<\/div><div class=\"kc-elm kc-css-415035\" style=\"height: 100px; clear: both; width:100%;\"><\/div><\/div><\/div><div class=\"kc-elm kc-css-537615 kc_col-sm-6 kc_column kc_col-sm-6\"><div class=\"kc-col-container\"><div class=\"kc-elm kc-css-267167 kc_text_block\"><\/p>\n<p><strong><span style=\"text-align: justify; font-style: inherit;\">Consultan\u021b\u0103 pentru optimizarea serverelor fizice utilizate de aplica\u021biile Indeco Soft<\/span><\/strong><\/p>\n<ul style=\"text-align: justify;\">\n<li>Consultan\u021b\u0103 asupra problemelor specifice de bussiness care pot s\u0103 apar\u0103, cu solu\u021bii complexe pentru optimizarea activit\u0103\u021bilor dumneavoastr\u0103 \u0219i a interac\u021biunilor cu ter\u021be persoane<\/li>\n<\/ul>\n<p style=\"text-align: justify;\"><strong>Indeco Soft ofer\u0103 clien\u0163ilor s\u0103i un sistem de Customer Help Desk, axat pe 4\u00a0componente:<\/strong><\/p>\n<ul style=\"text-align: justify;\">\n<li>Telefonic &#8211; la centrul de suport tehnic al Indeco Soft localizat la sediul central &#8211; Baia Mare &#8211; minim 8 ore\/zi<\/li>\n<li>On &#8211; Site &#8211; la sediul beneficiarului, asisten\u021b\u0103 efectuat\u0103 de personalul tehnic al Indeco Soft, localizat at\u00e2t la nivelul beneficiarului, c\u00e2t \u0219i \u00een sediul central al Indeco Soft &#8211; minim 8 ore\/zi<\/li>\n<li>Live Help &#8211; prin solu\u021bia CERC \u2013 Centru Electronic de Rela\u021bii cu Clien\u021bii, disponibil la adresa\u00a0<a title=\"https:\/\/www.indecosoft.ro\/site\/cerc\" href=\"https:\/\/www.indecosoft.ro\/site\/ro\/cerc.html\" target=\"_parent\">www.indecosoft.ro\/site\/cerc<\/a>\u00a0\u00a024 ore\/24, 7 zile\/7<\/li>\n<li>Electronic &#8211; via email, instant messaging &#8211; 24 ore\/24, 7 zile\/7<\/li>\n<\/ul>\n<p><!--:--><\/p>\n<p>\n<\/div><div class=\"kc-elm kc-css-275902\" style=\"height: 100px; clear: both; width:100%;\"><\/div><\/div><\/div><\/div><\/div><\/section><\/p>\n","protected":false},"excerpt":{"rendered":"","protected":false},"author":1,"featured_media":0,"parent":0,"menu_order":0,"comment_status":"closed","ping_status":"closed","template":"","meta":{"footnotes":""},"_links":{"self":[{"href":"https:\/\/indecosoft.ro\/site\/wp-json\/wp\/v2\/pages\/361"}],"collection":[{"href":"https:\/\/indecosoft.ro\/site\/wp-json\/wp\/v2\/pages"}],"about":[{"href":"https:\/\/indecosoft.ro\/site\/wp-json\/wp\/v2\/types\/page"}],"author":[{"embeddable":true,"href":"https:\/\/indecosoft.ro\/site\/wp-json\/wp\/v2\/users\/1"}],"replies":[{"embeddable":true,"href":"https:\/\/indecosoft.ro\/site\/wp-json\/wp\/v2\/comments?post=361"}],"version-history":[{"count":18,"href":"https:\/\/indecosoft.ro\/site\/wp-json\/wp\/v2\/pages\/361\/revisions"}],"predecessor-version":[{"id":6795,"href":"https:\/\/indecosoft.ro\/site\/wp-json\/wp\/v2\/pages\/361\/revisions\/6795"}],"wp:attachment":[{"href":"https:\/\/indecosoft.ro\/site\/wp-json\/wp\/v2\/media?parent=361"}],"curies":[{"name":"wp","href":"https:\/\/api.w.org\/{rel}","templated":true}]}}