{"id":341,"date":"2011-12-12T13:36:59","date_gmt":"2011-12-12T11:36:59","guid":{"rendered":"https:\/\/indecosoft.ro\/site\/?page_id=341"},"modified":"2018-03-01T11:40:20","modified_gmt":"2018-03-01T09:40:20","slug":"istoric","status":"publish","type":"page","link":"https:\/\/indecosoft.ro\/site\/despre-noi\/istoric\/","title":{"rendered":"Istoric"},"content":{"rendered":"<p><section class=\"kc-elm kc-css-433249 kc_row\"><div class=\"kc-row-container  kc-container\"><div class=\"kc-wrap-columns\"><div class=\"kc-elm kc-css-664984 kc_col-sm-12 kc_column kc_col-sm-12\"><div class=\"kc-col-container\"><div class=\"kc-elm kc-css-564313 kc_shortcode kc_single_image\">\n\n        <img decoding=\"async\" src=\"https:\/\/www.indecosoft.ro\/site\/wp-content\/uploads\/2011\/12\/DSC_1987-resize-950x360-1.png\" class=\"\" alt=\"\" \/>    <\/div>\n<div class=\"kc-elm kc-css-585060\" style=\"height: 50px; clear: both; width:100%;\"><\/div>\n<div class=\"kc-elm kc-css-158932 kc-animated kc-animate-eff-bounceInRight kc-animate-delay-500 kc-animate-speed-3.5s kc-title-wrap \">\n\n\t<h5 class=\"kc_title\">Istoric<\/h5>\n<\/div>\n<div class=\"kc-elm kc-css-900066\" style=\"height: 50px; clear: both; width:100%;\"><\/div><\/div><\/div><\/div><\/div><\/section><section class=\"kc-elm kc-css-241649 kc_row\"><div class=\"kc-row-container  kc-container\"><div class=\"kc-wrap-columns\"><div class=\"kc-elm kc-css-991454 kc_col-sm-6 kc_column kc_col-sm-6\"><div class=\"kc-col-container\"><div class=\"kc-elm kc-css-699965 kc_text_block\"><\/p>\n<p><strong style=\"text-align: justify; font-style: inherit;\">1990<\/strong><span style=\"text-align: justify; font-style: inherit;\"> \u2013 Dorin Barbul \u00eenfiin\u021beaz\u0103 <\/span><strong style=\"text-align: justify; font-style: inherit;\">Indeco Soft<\/strong><span style=\"text-align: justify; font-style: inherit;\"> SNC, care \u00een anul 1993 devine S.R.L., firm\u0103 profilat\u0103 pe produc\u021bia de software financiar-contabil \u0219i bazat\u0103 pe experien\u021ba c\u00e2\u0219tigat\u0103 de fondator \u00een InfoMara \u2013 Centrul Teritorial de Calcul Electronic.<\/span><\/p>\n<p style=\"text-align: justify;\"><strong>2000<\/strong> \u2013 firma se orienteaz\u0103 pe dezvoltare software specializat pentru <strong>administra\u021bia public\u0103 local\u0103<\/strong>, se mut\u0103 \u00eentr-un sediu nou iar echipa se extinde la 7 angaja\u021bi; principalul client este Municipiul Baia Mare.<\/p>\n<p style=\"text-align: justify;\"><strong>2002<\/strong> \u2013 se includ \u00een portofoliu prim\u0103rii de ora\u0219e \u0219i comune din jude\u021bul Maramure\u0219 \u0219i se lanseaz\u0103 prima versiune a solu\u021biei informatice de gestiune a taxelor \u0219i impozitelor, <strong>Impotax<\/strong>.<\/p>\n<p style=\"text-align: justify;\"><strong>2003<\/strong> \u2013 se lanseaz\u0103 un nou pachet de solu\u021bii financiar-contabile pentru administra\u021bia public\u0103 local\u0103 sub brandul <strong>eCUB<\/strong>, iar firma cu un efectiv de 13 angaja\u021bi devine <strong>partener Microsoft<\/strong>; \u00een portofoliul de clien\u021bi intr\u0103 Municipiile Bistri\u021ba \u0219i Zal\u0103u.<\/p>\n<p style=\"text-align: justify;\"><strong>2004<\/strong> \u2013 sunt angaja\u021bi 15 asisten\u021bi software cu rol de distribu\u021bie a produselor \u0219i prestarea serviciilor specializate la clien\u021bi, pentru jude\u021bele limitrofe; portofoliul de solu\u021bii tehnice cre\u0219te semnificativ acoperind \u0219i alte procese din administra\u021bia public\u0103, inclusiv necesit\u0103\u021bi de content management.<\/p>\n<p style=\"text-align: justify;\"><strong>2005<\/strong> \u2013 compania devine cea mai important\u0103 din jude\u021bul Maramure\u0219 \u00een domeniul IT (premiu acordat de CCIMM, anual 2005 &#8211; 2010); num\u0103rul de angaja\u021bi depa\u0219e\u0219te 50, din care aproximativ 30 localiza\u021bi \u00een Baia Mare; sediul central se mut\u0103 \u00eentr-o cl\u0103dire nou\u0103, dedicat\u0103; se deruleaz\u0103 2 proiecte importante, la Prim\u0103ria Municipiului Arad \u0219i Prim\u0103ria Municipiului Slatina.<\/p>\n<p style=\"text-align: justify;\"><strong>2005<\/strong> \u2013 la conferin\u021ba anual\u0103 ANIAP, Indeco Soft ca\u0219tig\u0103 <strong>Premiul I<\/strong> \u00een concursul de prezent\u0103ri cu conceptul inovativ <strong>SIGMA<\/strong>, solu\u021bie de integrare \u0219i management.<\/p>\n<p style=\"text-align: justify;\"><span style=\"font-weight: 600; font-style: inherit;\">2006<\/span><span style=\"font-style: inherit;\">\u00a0\u2013 Prim\u0103ria Municipiului Oradea incepe migrarea pe aplica\u021bii Indeco Soft.<\/span><\/p>\n<div id=\"side\"><\/div>\n<p><!--:--><\/p>\n<p>\n<\/div><\/div><\/div><div class=\"kc-elm kc-css-289151 kc_col-sm-6 kc_column kc_col-sm-6\"><div class=\"kc-col-container\"><div class=\"kc-elm kc-css-250604 kc_text_block\"><\/p>\n<p><strong style=\"text-align: justify; font-style: inherit;\">2007<\/strong><span style=\"text-align: justify; font-style: inherit;\"> \u2013 Indeco Soft se implic\u0103 \u00een via\u021ba comunit\u0103\u021bii prin deschiderea unui centru de instruire pentru elevi \u00een colaborare cu biblioteca jude\u021bean\u0103.<\/span><\/p>\n<p style=\"text-align: justify;\"><strong>2008<\/strong> \u2013 la conferin\u021ba anual\u0103 organizat\u0103 de ANIAP implementarea SIGMA de la Prim\u0103ria Municipiului Oradea ca\u0219tig\u0103 la categoria <strong>solu\u021bia anului<\/strong>.<\/p>\n<p style=\"text-align: justify;\"><strong>2008<\/strong> \u2013 Prim\u0103ria Baia Mare prin Direc\u021bia de Impozite \u0219i Taxe este <strong>prima institu\u021bie din \u021bar\u0103<\/strong> care \u00eencaseaz\u0103 <strong>impozitele cu cardul bancar prin internet<\/strong>, folosind solu\u021bia Indeco Soft \u00eenregistrat\u0103 sub marca <strong>GlobalPay<\/strong>.<\/p>\n<p style=\"text-align: justify;\"><strong>2009<\/strong> \u2013 este lansat cel mai complet sistem de gestiune integrat a presta\u021biilor \u0219i serviciilor sociale sub brandul <strong>AsiSoc<\/strong>; sunt dezvoltate solu\u021bii de servicii electronice online pentru cet\u0103\u021beni.<\/p>\n<p style=\"text-align: justify;\"><strong>2010<\/strong> \u2013 solu\u021bia <strong>GlobalPay<\/strong> devine instrumentul de \u00eencasare online a taxelor \u0219i impozitelor pentru <strong>9<\/strong> ora\u0219e (din 15 care au sisteme de \u00eencasare online) \u0219i adun\u0103 88% din tranzac\u021biile online \u00een domeniu; Indeco Soft devine membru APERO \u0219i \u00eempreun\u0103 demareaz\u0103 un proiect de dezvoltare a unui sistem na\u021bional de \u00eencasare online a taxelor \u0219i impozitelor; proiectul implic\u0103 MCSI, MFP \u0219i MAI \u0219i se concretizeaz\u0103 \u00een <strong>SNEP \u2013 Sistemul Na\u021bional Electronic de Pla\u021bi<\/strong> online a taxelor \u0219i impozitelor.<\/p>\n<p style=\"text-align: justify;\"><strong>2011<\/strong> \u2013 este inaugurat noul sediu, o construc\u021bie modern\u0103 special proiectat\u0103 pentru a g\u0103zdui Indeco Soft; num\u0103rul angaja\u021bilor ajunge la 100; se deruleaz\u0103 un proiect de informatizare integrat\u0103 a Prim\u0103riei Municipiului T\u00e2rgu Mure\u0219; Indeco Soft implementeaz\u0103 un prim proiect contractat de o autoritate din alt\u0103 \u021bar\u0103 \u2013 Serbia \u2013 \u00een domeniul managementului apelor.<\/p>\n<p style=\"text-align: justify;\"><strong>2015<\/strong>\u00a0\u2013 Indeco Soft devine membru al ARIES, filiala Transilvania \u0219i partener \u00een cadrul clusterului de inovare iTechTransilvania. \u00a0Implicarea social\u0103 a Indeco Soft se materializeaz\u0103 prin sprijinirea a dou\u0103 structuri de economie social\u0103 &#8211; servicii de arhivare fizic\u0103\/electronic\u0103 a documentelor \u0219i servicii de eHealth, prin furnizarea unor solu\u021bii software inovatoare.<\/p>\n<div id=\"side\"><\/div>\n<p><!--:--><\/p>\n<p>\n<\/div><\/div><\/div><\/div><\/div><\/section><section class=\"kc-elm kc-css-238662 kc_row\"><div class=\"kc-row-container  kc-container\"><div class=\"kc-wrap-columns\"><div class=\"kc-elm kc-css-765109 kc_col-sm-12 kc_column kc_col-sm-12\"><div class=\"kc-col-container\"><div class=\"kc-elm kc-css-511349\" style=\"height: 100px; clear: both; width:100%;\"><\/div><\/div><\/div><\/div><\/div><\/section><\/p>\n","protected":false},"excerpt":{"rendered":"","protected":false},"author":1,"featured_media":0,"parent":268,"menu_order":0,"comment_status":"closed","ping_status":"closed","template":"","meta":{"footnotes":""},"_links":{"self":[{"href":"https:\/\/indecosoft.ro\/site\/wp-json\/wp\/v2\/pages\/341"}],"collection":[{"href":"https:\/\/indecosoft.ro\/site\/wp-json\/wp\/v2\/pages"}],"about":[{"href":"https:\/\/indecosoft.ro\/site\/wp-json\/wp\/v2\/types\/page"}],"author":[{"embeddable":true,"href":"https:\/\/indecosoft.ro\/site\/wp-json\/wp\/v2\/users\/1"}],"replies":[{"embeddable":true,"href":"https:\/\/indecosoft.ro\/site\/wp-json\/wp\/v2\/comments?post=341"}],"version-history":[{"count":22,"href":"https:\/\/indecosoft.ro\/site\/wp-json\/wp\/v2\/pages\/341\/revisions"}],"predecessor-version":[{"id":7079,"href":"https:\/\/indecosoft.ro\/site\/wp-json\/wp\/v2\/pages\/341\/revisions\/7079"}],"up":[{"embeddable":true,"href":"https:\/\/indecosoft.ro\/site\/wp-json\/wp\/v2\/pages\/268"}],"wp:attachment":[{"href":"https:\/\/indecosoft.ro\/site\/wp-json\/wp\/v2\/media?parent=341"}],"curies":[{"name":"wp","href":"https:\/\/api.w.org\/{rel}","templated":true}]}}