{"id":332,"date":"2011-12-12T13:07:42","date_gmt":"2011-12-12T11:07:42","guid":{"rendered":"https:\/\/indecosoft.ro\/site\/?page_id=332"},"modified":"2018-02-23T08:44:07","modified_gmt":"2018-02-23T06:44:07","slug":"protectia-datelor","status":"publish","type":"page","link":"https:\/\/indecosoft.ro\/site\/despre-noi\/protectia-datelor\/","title":{"rendered":"Protec\u021bia Datelor"},"content":{"rendered":"<p><section class=\"kc-elm kc-css-754715 kc_row\"><div class=\"kc-row-container  kc-container\"><div class=\"kc-wrap-columns\"><div class=\"kc-elm kc-css-136112 kc_col-sm-12 kc_column kc_col-sm-12\"><div class=\"kc-col-container\"><div class=\"kc-elm kc-css-471336\" style=\"height: 50px; clear: both; width:100%;\"><\/div>\n<div class=\"kc-elm kc-css-986452 kc-animated kc-animate-eff-bounceInRight kc-animate-delay-500 kc-animate-speed-3.5s kc-title-wrap \">\n\n\t<h5 class=\"kc_title\">Protec\u021bia datelor<\/h5>\n<\/div>\n<div class=\"kc-elm kc-css-169775\" style=\"height: 50px; clear: both; width:100%;\"><\/div><\/div><\/div><\/div><\/div><\/section><section class=\"kc-elm kc-css-724749 kc_row\"><div class=\"kc-row-container  kc-container\"><div class=\"kc-wrap-columns\"><div class=\"kc-elm kc-css-175634 kc_col-sm-12 kc_column kc_col-sm-12\"><div class=\"kc-col-container\"><div class=\"kc-elm kc-css-622852 kc_text_block\"><\/p>\n<h5>Indeco Soft v\u0103 aduce la cuno\u0219tin\u021b\u0103 faptul c\u0103 este \u00eenregistrat\u0103 ca operator de date cu caracter personal sub nr.\u00a0 19122.<\/h5>\n<p>\n<\/div><div class=\"kc-elm kc-css-180560\" style=\"height: 50px; clear: both; width:100%;\"><\/div><\/div><\/div><\/div><\/div><\/section><section class=\"kc-elm kc-css-360483 kc_row\"><div class=\"kc-row-container  kc-container\"><div class=\"kc-wrap-columns\"><div class=\"kc-elm kc-css-126088 kc_col-sm-6 kc_column kc_col-sm-6\"><div class=\"kc-col-container\"><div class=\"kc-elm kc-css-431479 kc_text_block\"><\/p>\n<p>Protec\u021bia datelor cu caracter personal reprezint\u0103 una dintre priorit\u0103\u021bile noastre. \u00cen acest sens, v\u0103 inform\u0103m c\u0103 datele dvs. cu caracter personal pot fi prelucrate de c\u0103tre Indeco Soft S.R.L. \u00eens\u0103 \u00eentotdeauna aceste prelucr\u0103ri se realizeaz\u0103 \u00een stricta conformitate cu prevederile legale aplicabile.<\/p>\n<p>Pentru asigurarea acestui scop, pe l\u00e2ng\u0103 \u00eendeplinirea tuturor obliga\u021biilor legale privind protec\u021bia datelor, Indeco Soft S.R.L. a implementat, men\u021bine \u0219i a fost certificat\u0103 pentru standardul SR EN ISO 27001:2005 &#8211; Sisteme de management al securit\u0103\u021bii informa\u021biei.<\/p>\n<p style=\"text-align: justify;\"><span style=\"font-style: inherit;\">Conform cerin\u0163elor Legii nr. 677\/2001 pentru protec\u0163ia persoanelor cu privire la prelucrarea datelor cu caracter personal \u015fi libera circula\u0163ie a acestor date, modificat\u0103 \u015fi completat\u0103 \u015fi ale Legii nr. 506\/2004 privind prelucrarea datelor cu caracter personal \u015fi protec\u0163ia vie\u0163ii private \u00een sectorul comunica\u0163iilor electronice S.C. Indeco Soft S.R.L. are obliga\u0163ia de a administra \u00een condi\u0163ii de siguran\u0163\u0103 \u015fi numai pentru scopurile specificate, datele personale pe care ni le furniza\u0163i despre dumneavoastr\u0103, un membru al familiei dumneavoastr\u0103 ori o alt\u0103 persoan\u0103. <\/span><\/p>\n<p><!--:--><\/p>\n<p style=\"text-align: justify;\">\n<\/div><\/div><\/div><div class=\"kc-elm kc-css-175286 kc_col-sm-6 kc_column kc_col-sm-6\"><div class=\"kc-col-container\"><div class=\"kc-elm kc-css-861151 kc_text_block\"><\/p>\n<p style=\"text-align: justify;\">Scopul colect\u0103rii datelor este: furnizarea de servicii de comunica\u0163ii electronice, alte scopuri (migrarea datelor \u015fi prelucr\u0103ri de baze de date &#8211;\u00a0se prelucreaz\u0103 baze de date ale clien\u0163ilor &#8211; institu\u0163ii publice, societ\u0103\u0163i comerciale etc. &#8211; \u00een vederea implement\u0103rii de sisteme de management \u00een administrare; migrarea datelor din formatul original al bazelor de date \u00een cel specific aplica\u0163iilor informatice dezvoltate de S.C. Indeco Soft S.R.L.).<\/p>\n<p style=\"text-align: justify;\"><span style=\"font-style: inherit;\">Informa\u0163iile \u00eenregistrate sunt destinate utiliz\u0103rii de c\u0103tre operator \u015fi sunt comunicate numai autorit\u0103\u0163ilor publice sau agen\u0163ilor economici cu care firma noastr\u0103 are rela\u0163ii contractuale de acest fel (furnizarea de servicii de comunica\u0163ii electronice, prelucrarea datelor \u00een vederea implement\u0103rii de sisteme de management \u00een administrare), \u00een calitate de unici destinatari.<\/span><\/p>\n<p style=\"text-align: justify;\">Conform Legii nr. 677\/2001, beneficia\u0163i de dreptul de acces, de interven\u0163ie asupra datelor, dreptul de a nu fi supus unei decizii individuale \u015fi dreptul de a v\u0103 adresa justi\u0163iei. Pentru exercitarea acestor drepturi, v\u0103 pute\u0163i adresa cu o cerere scris\u0103, datat\u0103 \u015fi semnat\u0103 la S.C. Indeco Soft S.R.L., loc. Baia Mare, str. Magnoliei, nr. 5, jud. Maramure\u015f.<\/p>\n<p><!--:--><\/p>\n<p style=\"text-align: justify;\">\n<\/div><\/div><\/div><\/div><\/div><\/section><section class=\"kc-elm kc-css-862927 kc_row\"><div class=\"kc-row-container  kc-container\"><div class=\"kc-wrap-columns\"><div class=\"kc-elm kc-css-426596 kc_col-sm-12 kc_column kc_col-sm-12\"><div class=\"kc-col-container\"><div class=\"kc-elm kc-css-541754\" style=\"height: 20px; clear: both; width:100%;\"><\/div><div class=\"kc-elm kc-css-708157 kc_text_block\"><\/p>\n<p><strong>Dac\u0103 unele din datele despre dumneavoastr\u0103 sunt incorecte, v\u0103 rug\u0103m s\u0103 ne informa\u0163i c\u00e2t mai cur\u00e2nd posibil. \u00a0<span style=\"font-style: inherit;\">V\u0103 mul\u021bumim!<\/span><\/strong><\/p>\n<p style=\"text-align: justify;\">\n<\/div><div class=\"kc-elm kc-css-846772\" style=\"height: 100px; clear: both; width:100%;\"><\/div><\/div><\/div><\/div><\/div><\/section><section class=\"kc-elm kc-css-226565 kc_row\"><div class=\"kc-row-container  kc-container\"><div class=\"kc-wrap-columns\"><div class=\"kc-elm kc-css-218476 kc_col-sm-12 kc_column kc_col-sm-12\"><div class=\"kc-col-container\"><div class=\"kc-elm kc-css-433347 kc_text_block\"><\/p>\n<p>\n<\/div><\/div><\/div><\/div><\/div><\/section><\/p>\n","protected":false},"excerpt":{"rendered":"","protected":false},"author":1,"featured_media":0,"parent":268,"menu_order":0,"comment_status":"closed","ping_status":"closed","template":"","meta":{"footnotes":""},"_links":{"self":[{"href":"https:\/\/indecosoft.ro\/site\/wp-json\/wp\/v2\/pages\/332"}],"collection":[{"href":"https:\/\/indecosoft.ro\/site\/wp-json\/wp\/v2\/pages"}],"about":[{"href":"https:\/\/indecosoft.ro\/site\/wp-json\/wp\/v2\/types\/page"}],"author":[{"embeddable":true,"href":"https:\/\/indecosoft.ro\/site\/wp-json\/wp\/v2\/users\/1"}],"replies":[{"embeddable":true,"href":"https:\/\/indecosoft.ro\/site\/wp-json\/wp\/v2\/comments?post=332"}],"version-history":[{"count":20,"href":"https:\/\/indecosoft.ro\/site\/wp-json\/wp\/v2\/pages\/332\/revisions"}],"predecessor-version":[{"id":7053,"href":"https:\/\/indecosoft.ro\/site\/wp-json\/wp\/v2\/pages\/332\/revisions\/7053"}],"up":[{"embeddable":true,"href":"https:\/\/indecosoft.ro\/site\/wp-json\/wp\/v2\/pages\/268"}],"wp:attachment":[{"href":"https:\/\/indecosoft.ro\/site\/wp-json\/wp\/v2\/media?parent=332"}],"curies":[{"name":"wp","href":"https:\/\/api.w.org\/{rel}","templated":true}]}}