{"id":330,"date":"2011-12-12T13:05:16","date_gmt":"2011-12-12T11:05:16","guid":{"rendered":"https:\/\/indecosoft.ro\/site\/?page_id=330"},"modified":"2017-09-26T13:43:38","modified_gmt":"2017-09-26T11:43:38","slug":"calitate","status":"publish","type":"page","link":"https:\/\/indecosoft.ro\/site\/despre-noi\/calitate\/","title":{"rendered":"Calitate"},"content":{"rendered":"<p><section class=\"kc-elm kc-css-519153 kc_row\"><div class=\"kc-row-container  kc-container\"><div class=\"kc-wrap-columns\"><div class=\"kc-elm kc-css-64884 kc_col-sm-12 kc_column kc_col-sm-12\"><div class=\"kc-col-container\"><div class=\"kc-elm kc-css-752404 kc_shortcode kc_single_image\">\n\n        <img decoding=\"async\" src=\"https:\/\/www.indecosoft.ro\/site\/wp-content\/uploads\/2011\/12\/calitate.png\" class=\"\" alt=\"\" \/>    <\/div>\n<div class=\"kc-elm kc-css-799479\" style=\"height: 50px; clear: both; width:100%;\"><\/div>\n<div class=\"kc-elm kc-css-549154 kc-animated kc-animate-eff-bounceInRight kc-animate-delay-500 kc-animate-speed-3.5s kc-title-wrap \">\n\n\t<h5 class=\"kc_title\">Calitate<\/h5>\n<\/div>\n<div class=\"kc-elm kc-css-104466\" style=\"height: 50px; clear: both; width:100%;\"><\/div><div class=\"kc-elm kc-css-993929 kc_text_block\"><\/p>\n<h4 style=\"text-align: left;\">Declara\u021bia de politic\u0103 \u00een domeniul calit\u0103\u021bii<\/h4>\n<p style=\"text-align: justify;\">\u00cembun\u0103t\u0103\u021birea performan\u021belor clien\u021bilor no\u0219tri prin implementarea de solu\u021bii tehnice eficiente, \u00eenglobate \u00een aplica\u021biile software pe care le dezvolt\u0103m pentru ace\u0219tia, este preocuparea noastr\u0103 permanent\u0103. Echipa Indeco Soft \u00ee\u0219i focalizeaz\u0103 efortul pentru \u00een\u021belegerea nevoilor \u0219i cerin\u021belor clientului \u015fi pentru transpunerea acestora \u00eentr-un software prietenos. Clientul este partenerul nostru cel mai important \u015fi form\u0103m \u00eempreun\u0103 o echip\u0103 de profesioni\u0219ti.<\/p>\n<p style=\"text-align: justify;\">Obiectivul major pe care \u00eel urm\u0103rim prin \u00eentreaga noastr\u0103 activitate const\u0103 \u00een<\/p>\n<p style=\"text-align: justify;\"><em><strong>&#8220;Fidelizarea clien\u021bilor prin furnizarea de aplica\u021bii software \u0219i servicii de asisten\u021b\u0103 tehnic\u0103 de \u00eenalt\u0103 calitate\".<\/strong><\/em><\/p>\n<p style=\"text-align: justify;\">Pentru realizarea acestui obiectiv, managementul firmei a stabilit ca prioritate \u00een anul 2008 urm\u0103toarele obiective specifice, grupate pe 2 axe:<\/p>\n<h5 style=\"text-align: justify;\">1. Axa prioritar\u0103, destinat\u0103 dezvolt\u0103rii afacerii<\/h5>\n<ul style=\"text-align: justify;\">\n<li>Consolidarea cotei de pia\u021b\u0103 curente \u0219i penetrarea zonelor geografice neacoperite (cre\u0219terea num\u0103rului de clien\u021bi cu minim 15%);<\/li>\n<li>Stabilirea de parteneriate strategice \u00een vederea acces\u0103rii unor proiecte de anvergur\u0103 (identificarea unui partener strategic \u0219i a minim unui proiect);<\/li>\n<li>Dezvoltarea unor solu\u021bii software noi pentru acoperirea necesarului clien\u021bilor actuali (ini\u021bierea a minim 4 proiecte de dezvoltare software);<\/li>\n<\/ul>\n<h5 style=\"text-align: justify;\">2. Axa complementar\u0103, destinat\u0103 dezvolt\u0103rii competen\u021belor \u0219i abilit\u0103\u021bilor profesionale<\/h5>\n<ul style=\"text-align: justify;\">\n<li>Dezvoltarea competen\u021belor manageriale \u0219i profesionale ale personalului propriu prin activit\u0103\u021bi de training specific \u0219i implementarea unui sistem de management al resurselor umane bazat pe competen\u021b\u0103, performan\u021b\u0103, recompensare \u0219i motivare;<\/li>\n<li>Dezvoltarea competen\u021belor profesionale ale utilizatorilor\u00a0aplica\u021biilor Indeco Soft prin realizarea de sesiuni de training \u0219i acordarea de certificate de exploatare.<\/li>\n<\/ul>\n<p style=\"text-align: justify;\">Pentru realizarea acestor obiective, managementul firmei\u00a0Indeco Soft , la cel mai \u00eenalt nivel al s\u0103u, \u00ee\u0219i declar\u0103 \u00eentreaga disponibilitate \u0219i se angajeaz\u0103 s\u0103 asigure resursele necesare, inclusiv cele pentru instruirea \u0219i con\u0219tientizarea personalului.<\/p>\n<div id=\"side\"><\/div>\n<p><!--:--><\/p>\n<p>\n<\/div><div class=\"kc-elm kc-css-389302\" style=\"height: 50px; clear: both; width:100%;\"><\/div><div class=\"kc-elm kc-css-852977 kc_text_block\"><\/p>\n<h4 style=\"text-align: left;\">Project management<\/h4>\n<p style=\"text-align: justify;\">Managementul proiectelor de implementare a solu\u021biilor complexe la client este condus de un Manager de proiect cu experien\u021b\u0103 de minim 4 ani \u00een Indeco Soft.<\/p>\n<h5 style=\"text-align: justify;\">Responsabilit\u0103\u021bile \u0219i ac\u021biunile managerului de proiect:<\/h5>\n<ul style=\"text-align: justify;\">\n<li>conduce activit\u0103\u021bile de proiect de zi cu zi, \u00een cadrul limitelor de responsabilitate;<\/li>\n<li>se asigur\u0103 c\u0103 proiectul produce toate livrabilele necesare, \u00een cadrul constr\u00e2ngerilor de timp \u0219i de buget \u0219i la standardele de calitate stabilite;<\/li>\n<li>stabile\u0219te sarcinile \u0219i responsabilit\u0103\u021bile din cadrul proiectului astfel \u00eenc\u00e2t obiectivele acestuia s\u0103 fie atinse, p\u0103str\u00e2nd viziunea de ansamblu asupra strategiei proiectului \u0219i a evolu\u021biei acestuia \u0219i aloc\u00e2nd timp sarcinilor de planificare, monitorizare \u0219i control;<\/li>\n<li>propune planul general \u0219i planurile de etape pentru derularea proiectului, asigur\u0103 managementul documenta\u021biei aferente proiectului;<\/li>\n<li>elaboreaz\u0103 planul pentru managementul configura\u021biilor \u0219i procedura de management a schimb\u0103rilor;<\/li>\n<li>identific\u0103 riscuri \u0219i se asigur\u0103 c\u0103 evitarea sau diminuarea impactului acestora se face conform procedurii de management a riscurilor;<\/li>\n<li>asigur\u0103 un flux informa\u021bional continuu \u0219i coerent \u00eentre echipa de proiect \u0219i beneficiarii proiectului;<\/li>\n<li>gestioneaz\u0103 diferendele de cultur\u0103 organiza\u021bional\u0103 dintre beneficiar \u0219i executant;<\/li>\n<li>stabile\u0219te \u00eempreun\u0103 cu reprezentantul beneficiarului resursele pe care beneficiarul trebuie s\u0103 le aloce pentru derularea proiectului \u0219i programul dup\u0103 care aceste resurse vor fi implicate \u00een proiect;<\/li>\n<\/ul>\n<h5 style=\"text-align: justify;\">Management de proiect \u2013 Metodologie<\/h5>\n<div>\u00a0Toate proiectele de implementare a solu\u021biilor complexe la client se conduc dup\u0103 urm\u0103toarele etape:<\/div>\n<ol>\n<li style=\"text-align: justify;\">Identificarea contextului<\/li>\n<li style=\"text-align: justify;\">Definirea scopului proiectului<\/li>\n<li style=\"text-align: justify;\">Definirea obiectivelor specifice<\/li>\n<li style=\"text-align: justify;\">Identificarea rezultatelor estimate ale proiectului; modalit\u0103\u021bi de verificare-evaluare<\/li>\n<li style=\"text-align: justify;\">Etapele de organizare a proiectului \u2013 echipa de proiect; responsabilit\u0103\u021bi<\/li>\n<li style=\"text-align: justify;\">Fazele proiectului, ac\u021biuni \u0219i resurse<\/li>\n<li style=\"text-align: justify;\">Planul de calitate \u0219i acceptan\u021b\u0103<\/li>\n<li style=\"text-align: justify;\">Planul de comunicare<\/li>\n<li style=\"text-align: justify;\">Managementul riscului<\/li>\n<li style=\"text-align: justify;\">Controlul proiectului<\/li>\n<li style=\"text-align: justify;\">Controlul schimb\u0103rilor<\/li>\n<li style=\"text-align: justify;\">Evaluare \u0219i continuare<br \/>\n<h3><\/h3>\n<\/li>\n<\/ol>\n<div id=\"side\"><\/div>\n<p><!--:--><\/p>\n<p>\n<\/div><div class=\"kc-elm kc-css-23915\" style=\"height: 50px; clear: both; width:100%;\"><\/div><\/div><\/div><\/div><\/div><\/section><section class=\"kc-elm kc-css-237438 kc_row\"><div class=\"kc-row-container  kc-container\"><div class=\"kc-wrap-columns\"><div class=\"kc-elm kc-css-75184 kc_col-sm-12 kc_column kc_col-sm-12\"><div class=\"kc-col-container\"><div class=\"kc-elm kc-css-947017\" style=\"height: 50px; clear: both; width:100%;\"><\/div><\/div><\/div><\/div><\/div><\/section><\/p>\n","protected":false},"excerpt":{"rendered":"","protected":false},"author":1,"featured_media":0,"parent":268,"menu_order":0,"comment_status":"closed","ping_status":"closed","template":"","meta":{"footnotes":""},"_links":{"self":[{"href":"https:\/\/indecosoft.ro\/site\/wp-json\/wp\/v2\/pages\/330"}],"collection":[{"href":"https:\/\/indecosoft.ro\/site\/wp-json\/wp\/v2\/pages"}],"about":[{"href":"https:\/\/indecosoft.ro\/site\/wp-json\/wp\/v2\/types\/page"}],"author":[{"embeddable":true,"href":"https:\/\/indecosoft.ro\/site\/wp-json\/wp\/v2\/users\/1"}],"replies":[{"embeddable":true,"href":"https:\/\/indecosoft.ro\/site\/wp-json\/wp\/v2\/comments?post=330"}],"version-history":[{"count":24,"href":"https:\/\/indecosoft.ro\/site\/wp-json\/wp\/v2\/pages\/330\/revisions"}],"predecessor-version":[{"id":6519,"href":"https:\/\/indecosoft.ro\/site\/wp-json\/wp\/v2\/pages\/330\/revisions\/6519"}],"up":[{"embeddable":true,"href":"https:\/\/indecosoft.ro\/site\/wp-json\/wp\/v2\/pages\/268"}],"wp:attachment":[{"href":"https:\/\/indecosoft.ro\/site\/wp-json\/wp\/v2\/media?parent=330"}],"curies":[{"name":"wp","href":"https:\/\/api.w.org\/{rel}","templated":true}]}}