{"id":268,"date":"2011-11-22T13:45:28","date_gmt":"2011-11-22T11:45:28","guid":{"rendered":"https:\/\/indecosoft.ro\/site\/?page_id=268"},"modified":"2017-09-26T12:52:42","modified_gmt":"2017-09-26T10:52:42","slug":"despre-noi","status":"publish","type":"page","link":"https:\/\/indecosoft.ro\/site\/despre-noi\/","title":{"rendered":"Despre Noi"},"content":{"rendered":"<p><section class=\"kc-elm kc-css-526719 kc_row\"><div class=\"kc-row-container  kc-container\"><div class=\"kc-wrap-columns\"><div class=\"kc-elm kc-css-619170 kc_col-sm-12 kc_column kc_col-sm-12\"><div class=\"kc-col-container\"><div class=\"kc-elm kc-css-898234 kc_shortcode kc_single_image\">\n\n        <img decoding=\"async\" src=\"https:\/\/www.indecosoft.ro\/site\/wp-content\/uploads\/2011\/11\/DSC_8023_resize.jpg\" class=\"\" alt=\"\" \/>    <\/div>\n<div class=\"kc-elm kc-css-496834\" style=\"height: 50px; clear: both; width:100%;\"><\/div>\n<div class=\"kc-elm kc-css-12498 kc-animated kc-animate-eff-bounceInRight kc-animate-delay-500 kc-animate-speed-3.5s kc-title-wrap \">\n\n\t<h5 class=\"kc_title\">Despre noi<\/h5>\n<\/div>\n<div class=\"kc-elm kc-css-987795\" style=\"height: 50px; clear: both; width:100%;\"><\/div><\/div><\/div><\/div><\/div><\/section><section class=\"kc-elm kc-css-914079 kc_row\"><div class=\"kc-row-container  kc-container\"><div class=\"kc-wrap-columns\"><div class=\"kc-elm kc-css-786272 kc_col-sm-6 kc_column kc_col-sm-6\"><div class=\"kc-col-container\"><div class=\"kc-elm kc-css-381847 kc_text_block\"><\/p>\n<p><span style=\"color: #000000;\"><strong>Indeco Soft<\/strong><\/span> este un important dezvoltator \u0219i implementator de solu\u021bii<span style=\"color: #000000;\"><span style=\"color: #000000;\"><strong> eGovernment, eBusiness <\/strong><\/span><\/span>\u0219i<span style=\"color: #000000;\"><strong> Content Management <\/strong><\/span>din Rom\u00e2nia.<\/p>\n<p>Experien\u021ba de peste 20\u00a0ani \u00een managementul unor proiecte complexe de gestiune integrat\u0103 a proceselor de business din institu\u021bii guvernamentale \u0219i private este garan\u021bia plusvalorii, calit\u0103\u021bii \u0219i cre\u0219terii de performan\u021b\u0103 pe care produsele \u0219i serviciile<span style=\"color: #000000;\"><strong> Indeco Soft <\/strong><\/span>le aduc activit\u0103\u021bilor opera\u021bionale \u0219i manageriale.<\/p>\n<p style=\"text-align: justify;\">\u00cembin\u00e2nd cuno\u0219tin\u021bele speciali\u0219tilor \u0219i clien\u021bilor cu analiza permanent\u0103 a legisla\u021biei \u0219i utiliz\u00e2nd abilit\u0103\u021bile tehnice ale echipelor de dezvoltare software, sus\u021binute de metodologii moderne de management al calit\u0103\u021bii, apropiem de fiecare dat\u0103 produsele noastre de modul optim de operare \u015fi procesare a datelor, \u00een condi\u021bii de deplin\u0103 siguran\u021b\u0103 \u0219i control.<\/p>\n<p><!--:--><\/p>\n<p style=\"text-align: justify;\">\n<\/div><\/div><\/div><div class=\"kc-elm kc-css-815711 kc_col-sm-6 kc_column kc_col-sm-6\"><div class=\"kc-col-container\"><div class=\"kc-elm kc-css-120599 kc_text_block\"><\/p>\n<p style=\"text-align: justify;\">Utilizatorul reg\u0103se\u0219te u\u0219or \u00een func\u021bionalit\u0103\u021bile oferite procesele \u0219i fluxul de documente cu care este obi\u0219nuit.<\/p>\n<p style=\"text-align: justify;\">Informarea, comunicarea \u0219i performan\u021bele tehnologiei accesibile prin programele \u00a0<span style=\"font-weight: 600; color: #000000;\">Indeco Soft<\/span>, al\u0103turi de o echip\u0103 de asisten\u021bi cu abilit\u0103\u021bi interdisciplinare vor fi \u00eentotdeauna un ambient pl\u0103cut pentru abordarea \u0219i solu\u021bionarea problematicii care define\u0219te responsabilitatea fiec\u0103rui utilizator.<\/p>\n<p style=\"text-align: justify;\">Cu perseveren\u021b\u0103 \u0219i d\u0103ruire,<span style=\"color: #000000;\">\u00a0<span style=\"font-weight: 600;\">Indeco Soft\u00a0<\/span><\/span>a devenit partenerul a peste 1000 de institu\u021bii publice incluz\u00e2nd consilii jude\u021bene, prim\u0103rii de municipii, agen\u021bii na\u021bionale, ora\u0219e, comune \u0219i alte unit\u0103\u021bi bugetare, \u00een timp ce peste 100 de firme private au optat pentru solu\u021bia noastr\u0103 de\u00a0<span style=\"font-weight: 600;\"><span style=\"color: #000000;\">eBusiness<\/span>.<\/span><\/p>\n<p><!--:--><\/p>\n<p style=\"text-align: justify;\">\n<\/div><\/div><\/div><\/div><\/div><\/section><section class=\"kc-elm kc-css-426823 kc_row\"><div class=\"kc-row-container  kc-container\"><div class=\"kc-wrap-columns\"><div class=\"kc-elm kc-css-465266 kc_col-sm-12 kc_column kc_col-sm-12\"><div class=\"kc-col-container\"><div class=\"kc-elm kc-css-221261\" style=\"height: 100px; clear: both; width:100%;\"><\/div><\/div><\/div><\/div><\/div><\/section><\/p>\n","protected":false},"excerpt":{"rendered":"","protected":false},"author":1,"featured_media":0,"parent":0,"menu_order":0,"comment_status":"closed","ping_status":"closed","template":"","meta":{"footnotes":""},"_links":{"self":[{"href":"https:\/\/indecosoft.ro\/site\/wp-json\/wp\/v2\/pages\/268"}],"collection":[{"href":"https:\/\/indecosoft.ro\/site\/wp-json\/wp\/v2\/pages"}],"about":[{"href":"https:\/\/indecosoft.ro\/site\/wp-json\/wp\/v2\/types\/page"}],"author":[{"embeddable":true,"href":"https:\/\/indecosoft.ro\/site\/wp-json\/wp\/v2\/users\/1"}],"replies":[{"embeddable":true,"href":"https:\/\/indecosoft.ro\/site\/wp-json\/wp\/v2\/comments?post=268"}],"version-history":[{"count":81,"href":"https:\/\/indecosoft.ro\/site\/wp-json\/wp\/v2\/pages\/268\/revisions"}],"predecessor-version":[{"id":6492,"href":"https:\/\/indecosoft.ro\/site\/wp-json\/wp\/v2\/pages\/268\/revisions\/6492"}],"wp:attachment":[{"href":"https:\/\/indecosoft.ro\/site\/wp-json\/wp\/v2\/media?parent=268"}],"curies":[{"name":"wp","href":"https:\/\/api.w.org\/{rel}","templated":true}]}}