{"id":236,"date":"2011-11-22T11:09:14","date_gmt":"2011-11-22T09:09:14","guid":{"rendered":"https:\/\/indecosoft.ro\/site\/?page_id=236"},"modified":"2017-10-02T13:55:03","modified_gmt":"2017-10-02T11:55:03","slug":"produse-pentru-administratia-publica","status":"publish","type":"page","link":"https:\/\/indecosoft.ro\/site\/produse-si-solutii\/produse-pentru-administratia-publica\/","title":{"rendered":"Pentru Administra\u021bia Public\u0103"},"content":{"rendered":"<p><section class=\"kc-elm kc-css-786211 kc_row\"><div class=\"kc-row-container  kc-container\"><div class=\"kc-wrap-columns\"><div class=\"kc-elm kc-css-53647 kc_col-sm-12 kc_column kc_col-sm-12\"><div class=\"kc-col-container\"><div class=\"kc-elm kc-css-485607\" style=\"height: 50px; clear: both; width:100%;\"><\/div>\n<div class=\"kc-elm kc-css-940181 kc-animated kc-animate-eff-bounceInRight kc-animate-delay-500 kc-animate-speed-3.5s kc-title-wrap \">\n\n\t<h5 class=\"kc_title\">Produse pentru administra\u021bia public\u0103<\/h5>\n<\/div>\n<div class=\"kc-elm kc-css-813179\" style=\"height: 50px; clear: both; width:100%;\"><\/div><\/div><\/div><\/div><\/div><\/section><section class=\"kc-elm kc-css-108212 kc_row\"><div class=\"kc-row-container  kc-container\"><div class=\"kc-wrap-columns\"><div class=\"kc-elm kc-css-613003 kc_col-sm-1 kc_column kc_col-sm-1\"><div class=\"kc-col-container\"><\/div><\/div><div class=\"kc-elm kc-css-371541 kc_col-sm-5 kc_column kc_col-sm-5\"><div class=\"kc-col-container\"><div class=\"kc-elm kc-css-332177 kc_text_block\"><\/p>\n<h5 style=\"text-align: center;\">Asisten\u021b\u0103 Social\u0103<\/h5>\n<h5><a href=\"https:\/\/indecosoft.ro\/site\/produse-si-solutii\/produse-pentru-administratia-publica\/asistenta-sociala\/\"><img loading=\"lazy\" decoding=\"async\" class=\"size-thumbnail wp-image-2487 aligncenter\" title=\"Asisten\u0163\u0103 Social\u0103\" src=\"https:\/\/indecosoft.ro\/site\/wp-content\/uploads\/2012\/12\/asist_soc-150x150.png\" alt=\"\" width=\"150\" height=\"150\" \/><\/a><\/h5>\n<h5 style=\"text-align: center;\"><!--:--><\/h5>\n<p>\n<\/div><div class=\"kc-elm kc-css-273139\" style=\"height: 50px; clear: both; width:100%;\"><\/div><div class=\"kc-elm kc-css-729880 kc_text_block\"><\/p>\n<h5 style=\"text-align: center;\">Economico-Financiare<\/h5>\n<p><a href=\"https:\/\/indecosoft.ro\/site\/produse-si-solutii\/economico-financiare\/\"><img loading=\"lazy\" decoding=\"async\" class=\"size-thumbnail wp-image-2498 aligncenter\" title=\"Economico-Financiare\" src=\"https:\/\/indecosoft.ro\/site\/wp-content\/uploads\/2012\/12\/ecub-150x150.png\" alt=\"Economica-Financiare\" width=\"150\" height=\"150\" \/><\/a><\/p>\n<h5 style=\"text-align: center;\"><!--:--><\/h5>\n<p>\n<\/div><div class=\"kc-elm kc-css-284226\" style=\"height: 50px; clear: both; width:100%;\"><\/div><div class=\"kc-elm kc-css-167528 kc_text_block\"><\/p>\n<h5 style=\"text-align: center;\">Impozite \u0219i taxe<\/h5>\n<p><a href=\"https:\/\/indecosoft.ro\/site\/produse-si-solutii\/produse-pentru-administratia-publica\/impozite-si-taxe\/\"><img loading=\"lazy\" decoding=\"async\" class=\"size-thumbnail wp-image-2490 aligncenter\" title=\"Impozite \u015fi Taxe\" src=\"https:\/\/indecosoft.ro\/site\/wp-content\/uploads\/2012\/12\/impoz_taxe-150x150.png\" alt=\"\" width=\"150\" height=\"150\" \/><\/a><\/p>\n<h5 style=\"text-align: center;\"><!--:--><\/h5>\n<p>\n<\/div><div class=\"kc-elm kc-css-13045\" style=\"height: 50px; clear: both; width:100%;\"><\/div><div class=\"kc-elm kc-css-467158 kc_text_block\"><\/p>\n<h5 style=\"text-align: center;\">Investi\u021bii, Achizi\u021bii, Dezvoltare<\/h5>\n<p><a href=\"https:\/\/indecosoft.ro\/site\/produse-si-solutii\/investitii-achizitii-dezvoltare\/\"><img loading=\"lazy\" decoding=\"async\" class=\"size-thumbnail wp-image-2499 aligncenter\" title=\"Investi\u021bii, Achizi\u021bii, Dezvoltare\" src=\"https:\/\/indecosoft.ro\/site\/wp-content\/uploads\/2012\/12\/inves_achiz-150x150.png\" alt=\"Investitii si Achizitii\" width=\"150\" height=\"150\" \/><\/a><\/p>\n<h5 style=\"text-align: center;\"><!--:--><\/h5>\n<p>\n<\/div><div class=\"kc-elm kc-css-418300\" style=\"height: 50px; clear: both; width:100%;\"><\/div><div class=\"kc-elm kc-css-676783 kc_text_block\"><\/p>\n<h5 style=\"text-align: center;\">Patrimoniu \u0219i Autoriza\u021bii<\/h5>\n<p><a href=\"https:\/\/indecosoft.ro\/site\/produse-si-solutii\/produse-pentru-administratia-publica\/patrimoniu-si-autorizatii\/\"><img loading=\"lazy\" decoding=\"async\" class=\"size-thumbnail wp-image-2492 aligncenter\" title=\"Patrimoniu \u0219i Autoriza\u021bii\" src=\"https:\/\/indecosoft.ro\/site\/wp-content\/uploads\/2012\/12\/patrimoniu-150x150.png\" alt=\"Patrimoniu\" width=\"150\" height=\"150\" \/><\/a><\/p>\n<h5 style=\"text-align: center;\"><!--:--><\/h5>\n<p>\n<\/div><div class=\"kc-elm kc-css-212649\" style=\"height: 50px; clear: both; width:100%;\"><\/div><\/div><\/div><div class=\"kc-elm kc-css-668686 kc_col-sm-5 kc_column kc_col-sm-5\"><div class=\"kc-col-container\"><div class=\"kc-elm kc-css-307299 kc_text_block\"><\/p>\n<h5 style=\"text-align: center;\">Registre<\/h5>\n<p><a href=\"https:\/\/indecosoft.ro\/site\/produse-si-solutii\/produse-pentru-administratia-publica\/registre\/\"><img loading=\"lazy\" decoding=\"async\" class=\"size-thumbnail wp-image-2493 aligncenter\" title=\"Registre\" src=\"https:\/\/indecosoft.ro\/site\/wp-content\/uploads\/2012\/12\/registre-150x150.png\" alt=\"Registre\" width=\"150\" height=\"150\" \/><\/a><\/p>\n<h5 style=\"text-align: center;\"><!--:--><\/h5>\n<p>\n<\/div><div class=\"kc-elm kc-css-547125\" style=\"height: 50px; clear: both; width:100%;\"><\/div><div class=\"kc-elm kc-css-522356 kc_text_block\"><\/p>\n<h5 style=\"text-align: center;\">Rela\u021bii Publice \u0219i Urbanism<\/h5>\n<p><a href=\"https:\/\/indecosoft.ro\/site\/produse-si-solutii\/produse-pentru-administratia-publica\/relatii-publice-si-urbanism\/\"><img loading=\"lazy\" decoding=\"async\" class=\"size-thumbnail wp-image-2494 aligncenter\" title=\"Rela\u021bii Publice \u0219i Urbanism\" src=\"https:\/\/indecosoft.ro\/site\/wp-content\/uploads\/2012\/12\/rp_urbanism-150x150.png\" alt=\"Relatii Publice\" width=\"150\" height=\"150\" \/><\/a><\/p>\n<h5 style=\"text-align: center;\"><!--:--><\/h5>\n<p>\n<\/div><div class=\"kc-elm kc-css-336127\" style=\"height: 50px; clear: both; width:100%;\"><\/div><div class=\"kc-elm kc-css-180209 kc_text_block\"><\/p>\n<h5 style=\"text-align: center;\">Servicii Online<\/h5>\n<p><a href=\"https:\/\/indecosoft.ro\/site\/produse-si-solutii\/produse-pentru-administratia-publica\/servicii-online\/\"><img loading=\"lazy\" decoding=\"async\" class=\"size-full wp-image-2604 aligncenter\" title=\"Servicii Online\" src=\"https:\/\/indecosoft.ro\/site\/wp-content\/uploads\/2012\/12\/serv_online2.png\" alt=\"Servicii Online\" width=\"150\" height=\"150\" \/><\/a><\/p>\n<h5 style=\"text-align: center;\"><!--:--><\/h5>\n<p>\n<\/div><div class=\"kc-elm kc-css-906782\" style=\"height: 50px; clear: both; width:100%;\"><\/div><div class=\"kc-elm kc-css-735842 kc_text_block\"><\/p>\n<h5 style=\"text-align: center;\">Sisteme Integrate \u0219i de Management<\/h5>\n<p><a href=\"https:\/\/indecosoft.ro\/site\/produse-si-solutii\/produse-pentru-administratia-publica\/sisteme-integrate-si-de-management\/\"><img loading=\"lazy\" decoding=\"async\" class=\"size-thumbnail wp-image-2605 aligncenter\" title=\"Sisteme Integrate \u0219i de Management\" src=\"https:\/\/indecosoft.ro\/site\/wp-content\/uploads\/2012\/12\/sist_integrate1-150x150.png\" alt=\"Sisteme Integrate\" width=\"150\" height=\"150\" \/><\/a><\/p>\n<h5 style=\"text-align: center;\"><!--:--><\/h5>\n<p>\n<\/div><div class=\"kc-elm kc-css-871986\" style=\"height: 50px; clear: both; width:100%;\"><\/div><\/div><\/div><div class=\"kc-elm kc-css-188533 kc_col-sm-1 kc_column kc_col-sm-1\"><div class=\"kc-col-container\"><\/div><\/div><\/div><\/div><\/section><section class=\"kc-elm kc-css-329212 kc_row\"><div class=\"kc-row-container  kc-container\"><div class=\"kc-wrap-columns\"><div class=\"kc-elm kc-css-886839 kc_col-sm-12 kc_column kc_col-sm-12\"><div class=\"kc-col-container\"><div class=\"kc-elm kc-css-947695\" style=\"height: 50px; clear: both; width:100%;\"><\/div><\/div><\/div><\/div><\/div><\/section><\/p>\n","protected":false},"excerpt":{"rendered":"","protected":false},"author":1,"featured_media":0,"parent":213,"menu_order":0,"comment_status":"closed","ping_status":"closed","template":"","meta":{"footnotes":""},"_links":{"self":[{"href":"https:\/\/indecosoft.ro\/site\/wp-json\/wp\/v2\/pages\/236"}],"collection":[{"href":"https:\/\/indecosoft.ro\/site\/wp-json\/wp\/v2\/pages"}],"about":[{"href":"https:\/\/indecosoft.ro\/site\/wp-json\/wp\/v2\/types\/page"}],"author":[{"embeddable":true,"href":"https:\/\/indecosoft.ro\/site\/wp-json\/wp\/v2\/users\/1"}],"replies":[{"embeddable":true,"href":"https:\/\/indecosoft.ro\/site\/wp-json\/wp\/v2\/comments?post=236"}],"version-history":[{"count":29,"href":"https:\/\/indecosoft.ro\/site\/wp-json\/wp\/v2\/pages\/236\/revisions"}],"predecessor-version":[{"id":6896,"href":"https:\/\/indecosoft.ro\/site\/wp-json\/wp\/v2\/pages\/236\/revisions\/6896"}],"up":[{"embeddable":true,"href":"https:\/\/indecosoft.ro\/site\/wp-json\/wp\/v2\/pages\/213"}],"wp:attachment":[{"href":"https:\/\/indecosoft.ro\/site\/wp-json\/wp\/v2\/media?parent=236"}],"curies":[{"name":"wp","href":"https:\/\/api.w.org\/{rel}","templated":true}]}}