{"id":2334,"date":"2012-10-23T10:35:46","date_gmt":"2012-10-23T08:35:46","guid":{"rendered":"https:\/\/indecosoft.ro\/site\/?page_id=2334"},"modified":"2018-02-23T08:53:16","modified_gmt":"2018-02-23T06:53:16","slug":"referinte-institutii-publice","status":"publish","type":"page","link":"https:\/\/indecosoft.ro\/site\/referinte\/referinte-institutii-publice\/","title":{"rendered":"Referin\u021be Institu\u021bii Publice"},"content":{"rendered":"<section class=\"kc-elm kc-css-175915 kc_row\"><div class=\"kc-row-container  kc-container\"><div class=\"kc-wrap-columns\"><div class=\"kc-elm kc-css-434928 kc_col-sm-12 kc_column kc_col-sm-12\"><div class=\"kc-col-container\"><div class=\"kc-elm kc-css-186047\" style=\"height: 50px; clear: both; width:100%;\"><\/div>\n<div class=\"kc-elm kc-css-836929 kc-animated kc-animate-eff-bounceInRight kc-animate-delay-500 kc-animate-speed-3.5s kc-title-wrap \">\n\n\t<h5 class=\"kc_title\">Referin\u021be Institu\u021bii Publice<\/h5>\n<\/div>\n<div class=\"kc-elm kc-css-92825\" style=\"height: 50px; clear: both; width:100%;\"><\/div><div class=\"kc-elm kc-css-643715 kc_text_block\"><\/p>\n<p>Avem peste <strong>1000<\/strong> de implement\u0103ri \u00een institu\u021bii bugetare:<\/p>\n<ul>\n<li>\u00a0\u00a0\u00a0\u00a0\u00a0 Consilii Jude\u021bene (Bistri\u0163a-N\u0103s\u0103ud, Cluj, Maramure\u015f, Mure\u015f, Neam\u0163, Olt, Satu Mare, S\u0103laj, Teleorman)<\/li>\n<li>\u00a0\u00a0\u00a0\u00a0\u00a0 Municipii re\u0219edin\u021b\u0103 de jude\u021b (<em>Arad, Baia Mare, Bistri\u021ba, Oradea, Pite\u0219ti, Slatina, T\u00e2rgu Mure\u0219, Zal\u0103u, Sector 3 Bucure\u0219ti<\/em>)<\/li>\n<li>\u00a0\u00a0\u00a0\u00a0\u00a0 Municipii \u0219i ora\u0219e (peste 50)<\/li>\n<li>\u00a0\u00a0\u00a0\u00a0\u00a0 Comune (peste 500)<\/li>\n<li>\u00a0\u00a0\u00a0\u00a0\u00a0 ANST (100 unit\u0103\u021bi), DGASPC (10 jude\u021be)<\/li>\n<li>\u00a0 \u00a0 \u00a0 Centrul Universitar Nord Baia Mare<\/li>\n<li>\u00a0\u00a0\u00a0\u00a0\u00a0 Spitale<\/li>\n<li>\u00a0\u00a0\u00a0\u00a0\u00a0 Alte unit\u0103\u021bi bugetare<\/li>\n<\/ul>\n<p><!--:--><\/p>\n<p>\n<\/div><div class=\"kc-elm kc-css-185141\" style=\"height: 50px; clear: both; width:100%;\"><\/div><div class=\"kc-elm kc-css-118414 kc_text_block\"><\/p>\n<h5>Produse pentru Institu\u021bii Publice<\/h5>\n<ul>\n<li><a title=\"Economico-Financiare\" href=\"https:\/\/indecosoft.ro\/site\/produse-si-solutii\/economico-financiare\/\">Economico-Financiare<\/a><\/li>\n<\/ul>\n<ul>\n<li><a title=\"Investi\u021bii, Achizi\u021bii, Dezvoltare\" href=\"https:\/\/indecosoft.ro\/site\/produse-si-solutii\/investitii-achizitii-dezvoltare\/\/\">Investi\u021bii, Achizi\u021bii, Dezvoltare<\/a><\/li>\n<\/ul>\n<ul>\n<li><a title=\"Rela\u021bii Publice\" href=\"https:\/\/indecosoft.ro\/site\/produse-si-solutii\/produse-pentru-institutii-publice\/relatii-publice\/\">Rela\u021bii Publice<\/a><\/li>\n<\/ul>\n<ul>\n<li><a title=\"Universit\u0103\u021bi\" href=\"https:\/\/indecosoft.ro\/site\/produse-si-solutii\/produse-pentru-institutii-publice\/universitati\/\">Universit\u0103\u021bi<\/a><\/li>\n<\/ul>\n<div id=\"side\"><\/div>\n<p>\n<\/div><div class=\"kc-elm kc-css-208751\" style=\"height: 100px; clear: both; width:100%;\"><\/div><\/div><\/div><\/div><\/div><\/section>\n","protected":false},"excerpt":{"rendered":"","protected":false},"author":1,"featured_media":0,"parent":382,"menu_order":0,"comment_status":"closed","ping_status":"closed","template":"","meta":{"footnotes":""},"_links":{"self":[{"href":"https:\/\/indecosoft.ro\/site\/wp-json\/wp\/v2\/pages\/2334"}],"collection":[{"href":"https:\/\/indecosoft.ro\/site\/wp-json\/wp\/v2\/pages"}],"about":[{"href":"https:\/\/indecosoft.ro\/site\/wp-json\/wp\/v2\/types\/page"}],"author":[{"embeddable":true,"href":"https:\/\/indecosoft.ro\/site\/wp-json\/wp\/v2\/users\/1"}],"replies":[{"embeddable":true,"href":"https:\/\/indecosoft.ro\/site\/wp-json\/wp\/v2\/comments?post=2334"}],"version-history":[{"count":10,"href":"https:\/\/indecosoft.ro\/site\/wp-json\/wp\/v2\/pages\/2334\/revisions"}],"predecessor-version":[{"id":7055,"href":"https:\/\/indecosoft.ro\/site\/wp-json\/wp\/v2\/pages\/2334\/revisions\/7055"}],"up":[{"embeddable":true,"href":"https:\/\/indecosoft.ro\/site\/wp-json\/wp\/v2\/pages\/382"}],"wp:attachment":[{"href":"https:\/\/indecosoft.ro\/site\/wp-json\/wp\/v2\/media?parent=2334"}],"curies":[{"name":"wp","href":"https:\/\/api.w.org\/{rel}","templated":true}]}}