{"id":2318,"date":"2012-10-23T10:14:40","date_gmt":"2012-10-23T08:14:40","guid":{"rendered":"https:\/\/indecosoft.ro\/site\/?page_id=2318"},"modified":"2017-09-26T14:44:52","modified_gmt":"2017-09-26T12:44:52","slug":"referinte-administratie-publica","status":"publish","type":"page","link":"https:\/\/indecosoft.ro\/site\/referinte\/referinte-administratie-publica\/","title":{"rendered":"Referin\u021be Administra\u021bia Public\u0103"},"content":{"rendered":"<section class=\"kc-elm kc-css-178302 kc_row\"><div class=\"kc-row-container  kc-container\"><div class=\"kc-wrap-columns\"><div class=\"kc-elm kc-css-913744 kc_col-sm-12 kc_column kc_col-sm-12\"><div class=\"kc-col-container\"><div class=\"kc-elm kc-css-484059\" style=\"height: 50px; clear: both; width:100%;\"><\/div>\n<div class=\"kc-elm kc-css-993848 kc-animated kc-animate-eff-bounceInRight kc-animate-delay-500 kc-animate-speed-3.5s kc-title-wrap \">\n\n\t<h5 class=\"kc_title\">Referin\u021be Administra\u021bia Public\u0103<\/h5>\n<\/div>\n<div class=\"kc-elm kc-css-927794\" style=\"height: 50px; clear: both; width:100%;\"><\/div><div class=\"kc-elm kc-css-202743 kc_text_block\"><\/p>\n<p>Avem peste <strong>1000<\/strong> de implement\u0103ri \u00een institu\u021bii bugetare:<\/p>\n<ul>\n<li>\u00a0\u00a0\u00a0\u00a0\u00a0 Consilii Jude\u021bene (Bistri\u0163a-N\u0103s\u0103ud, Cluj, Maramure\u015f, Mure\u015f, Neam\u0163, Olt, Satu Mare, S\u0103laj, Teleorman)<\/li>\n<li>\u00a0\u00a0\u00a0\u00a0\u00a0 Municipii re\u0219edin\u021b\u0103 de jude\u021b (<em>Arad, Baia Mare, Bistri\u021ba, Oradea, Pite\u0219ti, Slatina, T\u00e2rgu Mure\u0219, Zal\u0103u, Sector 3 Bucure\u0219ti<\/em>)<\/li>\n<li>\u00a0\u00a0\u00a0\u00a0\u00a0 Municipii \u0219i ora\u0219e (peste 50)<\/li>\n<li>\u00a0\u00a0\u00a0\u00a0\u00a0 Comune (peste 500)<\/li>\n<li>\u00a0\u00a0\u00a0\u00a0\u00a0 ANST (100 unit\u0103\u021bi), DGASPC (10 jude\u021be)<\/li>\n<li>\u00a0\u00a0\u00a0\u00a0\u00a0 Alte unit\u0103\u021bi bugetare<\/li>\n<\/ul>\n<div id=\"side\"><\/div>\n<p style=\"text-align: justify;\"><!--:--><\/p>\n<p>\n<\/div><div class=\"kc-elm kc-css-938223\" style=\"height: 50px; clear: both; width:100%;\"><\/div><div class=\"kc-elm kc-css-212879 kc_text_block\"><\/p>\n<div id=\"side\">\n<h5>Produse pentru Administra\u021bia Public\u0103<\/h5>\n<ul>\n<li><a title=\"Asisten\u021b\u0103 Social\u0103\" href=\"https:\/\/indecosoft.ro\/site\/produse-si-solutii\/produse-pentru-administratia-publica\/asistenta-sociala\/\">Asisten\u021b\u0103 Social\u0103<\/a><\/li>\n<li><a title=\"Economico-Financiare\" href=\"https:\/\/indecosoft.ro\/site\/produse-si-solutii\/economico-financiare\/\">Economico-Financiare<\/a><\/li>\n<li><a title=\"Impozite \u0219i Taxe\" href=\"https:\/\/indecosoft.ro\/site\/produse-si-solutii\/produse-pentru-administratia-publica\/impozite-si-taxe\/\">Impozite \u0219i taxe<\/a><\/li>\n<li><a title=\"Investi\u021bii, Achizi\u021bii, Dezvoltare\" href=\"https:\/\/indecosoft.ro\/site\/produse-si-solutii\/investitii-achizitii-dezvoltare\/\">Investi\u021bii, Achizi\u021bii, Dezvoltare<\/a><\/li>\n<li><a title=\"Patrimoniu \u0219i Autoriza\u021bii\" href=\"https:\/\/indecosoft.ro\/site\/produse-si-solutii\/produse-pentru-administratia-publica\/patrimoniu-si-autorizatii\/\">Patrimoniu \u0219i Autoriza\u021bii<\/a><\/li>\n<li><a title=\"Registre\" href=\"https:\/\/indecosoft.ro\/site\/produse-si-solutii\/produse-pentru-administratia-publica\/registre\/\">Registre<\/a><\/li>\n<li><a title=\"Rela\u021bii Publice \u0219i Urbanism\" href=\"https:\/\/indecosoft.ro\/site\/produse-si-solutii\/produse-pentru-administratia-publica\/relatii-publice-si-urbanism\/\">Rela\u021bii Publice \u0219i Urbanism<\/a><\/li>\n<li><a title=\"Servicii online\" href=\"https:\/\/indecosoft.ro\/site\/produse-si-solutii\/produse-pentru-administratia-publica\/servicii-online\/\">Servicii online<\/a><\/li>\n<li><a title=\"Sisteme Integrate de Management\" href=\"https:\/\/indecosoft.ro\/site\/produse-si-solutii\/produse-pentru-administratia-publica\/sisteme-integrate-si-de-management\/\">Sisteme Integrate de Management<\/a><\/li>\n<\/ul>\n<\/div>\n<p style=\"text-align: justify;\"><!--:--><\/p>\n<p>\n<\/div><div class=\"kc-elm kc-css-322389\" style=\"height: 100px; clear: both; width:100%;\"><\/div><\/div><\/div><\/div><\/div><\/section>\n","protected":false},"excerpt":{"rendered":"","protected":false},"author":1,"featured_media":0,"parent":382,"menu_order":0,"comment_status":"closed","ping_status":"closed","template":"","meta":{"footnotes":""},"_links":{"self":[{"href":"https:\/\/indecosoft.ro\/site\/wp-json\/wp\/v2\/pages\/2318"}],"collection":[{"href":"https:\/\/indecosoft.ro\/site\/wp-json\/wp\/v2\/pages"}],"about":[{"href":"https:\/\/indecosoft.ro\/site\/wp-json\/wp\/v2\/types\/page"}],"author":[{"embeddable":true,"href":"https:\/\/indecosoft.ro\/site\/wp-json\/wp\/v2\/users\/1"}],"replies":[{"embeddable":true,"href":"https:\/\/indecosoft.ro\/site\/wp-json\/wp\/v2\/comments?post=2318"}],"version-history":[{"count":6,"href":"https:\/\/indecosoft.ro\/site\/wp-json\/wp\/v2\/pages\/2318\/revisions"}],"predecessor-version":[{"id":6782,"href":"https:\/\/indecosoft.ro\/site\/wp-json\/wp\/v2\/pages\/2318\/revisions\/6782"}],"up":[{"embeddable":true,"href":"https:\/\/indecosoft.ro\/site\/wp-json\/wp\/v2\/pages\/382"}],"wp:attachment":[{"href":"https:\/\/indecosoft.ro\/site\/wp-json\/wp\/v2\/media?parent=2318"}],"curies":[{"name":"wp","href":"https:\/\/api.w.org\/{rel}","templated":true}]}}