{"id":2136,"date":"2012-09-17T10:02:17","date_gmt":"2012-09-17T08:02:17","guid":{"rendered":"https:\/\/indecosoft.ro\/site\/?page_id=2136"},"modified":"2017-09-26T14:43:05","modified_gmt":"2017-09-26T12:43:05","slug":"universitati","status":"publish","type":"page","link":"https:\/\/indecosoft.ro\/site\/produse-si-solutii\/produse-pentru-institutii-publice\/universitati\/","title":{"rendered":"Universit\u0103\u0163i"},"content":{"rendered":"<section class=\"kc-elm kc-css-920203 kc_row\"><div class=\"kc-row-container  kc-container\"><div class=\"kc-wrap-columns\"><div class=\"kc-elm kc-css-492922 kc_col-sm-12 kc_column kc_col-sm-12\"><div class=\"kc-col-container\"><div class=\"kc-elm kc-css-604366\" style=\"height: 50px; clear: both; width:100%;\"><\/div>\n<div class=\"kc-elm kc-css-230641 kc-animated kc-animate-eff-bounceInRight kc-animate-delay-500 kc-animate-speed-3.5s kc-title-wrap \">\n\n\t<h4 class=\"kc_title\">Universit\u0103\u0163i<\/h4>\n<\/div>\n<div class=\"kc-elm kc-css-410754\" style=\"height: 50px; clear: both; width:100%;\"><\/div><div class=\"kc-elm kc-css-359419 kc_text_block\"><\/p>\n<p><a style=\"font-size: 1.3em; font-weight: 600; font-style: inherit;\" href=\"https:\/\/indecosoft.ro\/site\/produse-si-solutii\/produse-pentru-institutii-publice\/universitati\/detalii-curriculum\/\"><img loading=\"lazy\" decoding=\"async\" class=\"alignleft wp-image-2549\" title=\"Curriculum\" src=\"https:\/\/indecosoft.ro\/site\/wp-content\/uploads\/2012\/12\/curriculum4.png\" alt=\"Curriculum\" width=\"130\" height=\"130\" \/><\/a><\/p>\n<h3>Curriculum<\/h3>\n<p style=\"text-align: justify;\">Aplica\u0163ia informatic\u0103 Curriculum este destinat\u0103 asist\u0103rii, planific\u0103rii, organiz\u0103rii \u015fi desf\u0103\u0219ur\u0103rii activit\u0103\u0163ii didactice.<\/p>\n<p><!--:--><\/p>\n<p>\n<\/div><div class=\"kc-elm kc-css-851939 kc_text_block\"><\/p>\n<p><strong><a href=\"https:\/\/indecosoft.ro\/site\/curriculum\/\">Mai multe detalii&#8230;<\/a><\/strong><\/p>\n<p>\n<\/div><div class=\"kc-elm kc-css-472247\" style=\"height: 50px; clear: both; width:100%;\"><\/div><div class=\"kc-elm kc-css-746980 kc_text_block\"><\/p>\n<p><a style=\"font-weight: 600; font-style: inherit; font-size: 1.3em;\" href=\"https:\/\/indecosoft.ro\/site\/produse-si-solutii\/produse-pentru-institutii-publice\/universitati\/detalii-rdiplanner\/\"><img loading=\"lazy\" decoding=\"async\" class=\"alignleft wp-image-2552\" title=\"RDIPlanner\" src=\"https:\/\/indecosoft.ro\/site\/wp-content\/uploads\/2012\/12\/rdiplanner3.png\" alt=\"\" width=\"130\" height=\"130\" \/><\/a><\/p>\n<h3>RDIPlanner<\/h3>\n<p style=\"text-align: justify;\">Modulul RDIPnanner este destinat planific\u0103rii, raport\u0103rii \u015fi eviden\u0163ierii activit\u0103\u0163ilor de cercetare-dezvoltare \u015fi inovare, evalu\u0103rii activit\u0103\u0163ii de cercetare.<\/p>\n<p><!--:--><\/p>\n<p>\n<\/div><div class=\"kc-elm kc-css-729294\" style=\"height: 10px; clear: both; width:100%;\"><\/div><div class=\"kc-elm kc-css-341338 kc_text_block\"><\/p>\n<p><strong><a href=\"https:\/\/indecosoft.ro\/site\/rdiplanner\/\">Mai multe detalii&#8230;<\/a><\/strong><\/p>\n<p>\n<\/div><div class=\"kc-elm kc-css-1177\" style=\"height: 100px; clear: both; width:100%;\"><\/div><\/div><\/div><\/div><\/div><\/section>\n","protected":false},"excerpt":{"rendered":"","protected":false},"author":1,"featured_media":0,"parent":251,"menu_order":0,"comment_status":"closed","ping_status":"closed","template":"","meta":{"footnotes":""},"_links":{"self":[{"href":"https:\/\/indecosoft.ro\/site\/wp-json\/wp\/v2\/pages\/2136"}],"collection":[{"href":"https:\/\/indecosoft.ro\/site\/wp-json\/wp\/v2\/pages"}],"about":[{"href":"https:\/\/indecosoft.ro\/site\/wp-json\/wp\/v2\/types\/page"}],"author":[{"embeddable":true,"href":"https:\/\/indecosoft.ro\/site\/wp-json\/wp\/v2\/users\/1"}],"replies":[{"embeddable":true,"href":"https:\/\/indecosoft.ro\/site\/wp-json\/wp\/v2\/comments?post=2136"}],"version-history":[{"count":9,"href":"https:\/\/indecosoft.ro\/site\/wp-json\/wp\/v2\/pages\/2136\/revisions"}],"predecessor-version":[{"id":6569,"href":"https:\/\/indecosoft.ro\/site\/wp-json\/wp\/v2\/pages\/2136\/revisions\/6569"}],"up":[{"embeddable":true,"href":"https:\/\/indecosoft.ro\/site\/wp-json\/wp\/v2\/pages\/251"}],"wp:attachment":[{"href":"https:\/\/indecosoft.ro\/site\/wp-json\/wp\/v2\/media?parent=2136"}],"curies":[{"name":"wp","href":"https:\/\/api.w.org\/{rel}","templated":true}]}}