{"id":1067,"date":"2012-02-13T09:44:52","date_gmt":"2012-02-13T07:44:52","guid":{"rendered":"https:\/\/indecosoft.ro\/site\/?page_id=1067"},"modified":"2017-09-26T14:42:06","modified_gmt":"2017-09-26T12:42:06","slug":"sisteme-integrate-si-de-management","status":"publish","type":"page","link":"https:\/\/indecosoft.ro\/site\/produse-si-solutii\/produse-pentru-administratia-publica\/sisteme-integrate-si-de-management\/","title":{"rendered":"Sisteme Integrate \u0219i de Management"},"content":{"rendered":"<section class=\"kc-elm kc-css-419936 kc_row\"><div class=\"kc-row-container  kc-container\"><div class=\"kc-wrap-columns\"><div class=\"kc-elm kc-css-213920 kc_col-sm-12 kc_column kc_col-sm-12\"><div class=\"kc-col-container\"><div class=\"kc-elm kc-css-453688\" style=\"height: 50px; clear: both; width:100%;\"><\/div>\n<div class=\"kc-elm kc-css-614269 kc-animated kc-animate-eff-bounceInRight kc-animate-delay-500 kc-animate-speed-3.5s kc-title-wrap \">\n\n\t<h4 class=\"kc_title\">Sisteme Integrate \u0219i de Management<\/h4>\n<\/div>\n<div class=\"kc-elm kc-css-284412\" style=\"height: 50px; clear: both; width:100%;\"><\/div><div class=\"kc-elm kc-css-921029 kc_text_block\"><\/p>\n<p><img loading=\"lazy\" decoding=\"async\" class=\"alignleft wp-image-1968 imgborder\" style=\"color: #23282d; font-size: 1.3em; font-weight: 600; font-style: inherit;\" src=\"https:\/\/indecosoft.ro\/site\/wp-content\/uploads\/2012\/08\/logo_aqua-150x150.png\" alt=\"\" width=\"100\" height=\"100\" \/><\/p>\n<h3>AQUA<\/h3>\n<p align=\"left\">Sistem informatic de management al apelor la nivel regional.<\/p>\n<p>\u00a0<span style=\"font-style: inherit;\">\u00a0<\/span><\/p>\n<p>\n<\/div><div class=\"kc-elm kc-css-641252 kc_text_block\"><\/p>\n<p><strong><a href=\"https:\/\/indecosoft.ro\/site\/aqua\/\">Mai multe detalii&#8230;<\/a><\/strong><\/p>\n<p>\n<\/div><div class=\"kc-elm kc-css-681447\" style=\"height: 50px; clear: both; width:100%;\"><\/div><div class=\"kc-elm kc-css-339890 kc_text_block\"><\/p>\n<h3><img loading=\"lazy\" decoding=\"async\" class=\"alignleft wp-image-2037 imgborder\" style=\"font-size: 1.3em; font-style: inherit;\" src=\"https:\/\/indecosoft.ro\/site\/wp-content\/uploads\/2012\/09\/logo_recal-150x150.png\" alt=\"\" width=\"100\" height=\"100\" \/><\/h3>\n<h3>RECAL<\/h3>\n<p style=\"text-align: justify;\">Registrul Electronic Central pentru Administra\u021bia Local\u0103\u00a0 este o platform\u0103 informatic\u0103 destinat\u0103 schimbului de informa\u021bii \u00eentre administra\u021biile locale \u00een vederea punerii \u00een aplicare a legisla\u021biei care implic\u0103 notific\u0103ri sau solicit\u0103ri de date interinstitu\u021bionale.<\/p>\n<p><!--:--><\/p>\n<p>\n<\/div><div class=\"kc-elm kc-css-913687 kc_text_block\"><\/p>\n<p><strong><a href=\"https:\/\/indecosoft.ro\/site\/recal\/\">Mai multe detalii&#8230;<\/a><\/strong><\/p>\n<p>\n<\/div><div class=\"kc-elm kc-css-697496\" style=\"height: 50px; clear: both; width:100%;\"><\/div><div class=\"kc-elm kc-css-486152 kc_text_block\"><\/p>\n<h3><img loading=\"lazy\" decoding=\"async\" class=\"alignleft wp-image-1958 imgborder\" style=\"font-size: 1.3em; font-style: inherit;\" src=\"https:\/\/indecosoft.ro\/site\/wp-content\/uploads\/2012\/08\/logo_sicc-150x150.png\" alt=\"\" width=\"100\" height=\"100\" \/><\/h3>\n<h3>SICC<\/h3>\n<p style=\"text-align: justify;\">Sistem interactiv de centralizare \u015fi comunicare \u00eentre subunit\u0103\u0163ile unei institu\u0163ii sau ale unei prim\u0103rii.<\/p>\n<p><!--:--><\/p>\n<p>\n<\/div><div class=\"kc-elm kc-css-526316 kc_text_block\"><\/p>\n<p><strong><a href=\"https:\/\/indecosoft.ro\/site\/sicc\/\">Mai multe detalii&#8230;<\/a><\/strong><\/p>\n<p>\n<\/div><div class=\"kc-elm kc-css-450042\" style=\"height: 50px; clear: both; width:100%;\"><\/div><div class=\"kc-elm kc-css-561297 kc_text_block\"><\/p>\n<h3><img loading=\"lazy\" decoding=\"async\" class=\"alignleft wp-image-1964 imgborder\" style=\"font-size: 1.3em; font-style: inherit;\" src=\"https:\/\/indecosoft.ro\/site\/wp-content\/uploads\/2012\/08\/logo_sigma-150x150.png\" alt=\"\" width=\"100\" height=\"100\" \/><\/h3>\n<h3>SIGMA<\/h3>\n<p>Sistem Interactiv Grafic pentru Management \u00een Administra\u0163ie<\/p>\n<p><!--:--><\/p>\n<p>\n<\/div><div class=\"kc-elm kc-css-522205 kc_text_block\"><\/p>\n<p><strong><a href=\"https:\/\/indecosoft.ro\/site\/sigma\/\">Mai multe detalii&#8230;<\/a><\/strong><\/p>\n<p>\n<\/div><div class=\"kc-elm kc-css-537695\" style=\"height: 50px; clear: both; width:100%;\"><\/div><div class=\"kc-elm kc-css-277958 kc_text_block\"><\/p>\n<h3><img loading=\"lazy\" decoding=\"async\" class=\"alignleft wp-image-1815 imgborder\" style=\"font-size: 1.3em; font-style: inherit;\" src=\"https:\/\/indecosoft.ro\/site\/wp-content\/uploads\/2012\/08\/logo_simpa-150x150.png\" alt=\"\" width=\"100\" height=\"100\" \/><\/h3>\n<h3>SIMPA<\/h3>\n<p style=\"text-align: justify;\">Modul destinat gestiunii investi\u0163iilor de capital derulate prin proiecte finan\u0163ate din surse multiple.<\/p>\n<p><!--:--><\/p>\n<p>\n<\/div><div class=\"kc-elm kc-css-764799 kc_text_block\"><\/p>\n<p><strong><a href=\"https:\/\/indecosoft.ro\/site\/simpa\/\">Mai multe detalii&#8230;<\/a><\/strong><\/p>\n<p>\n<\/div><div class=\"kc-elm kc-css-114138\" style=\"height: 100px; clear: both; width:100%;\"><\/div><\/div><\/div><\/div><\/div><\/section>\n","protected":false},"excerpt":{"rendered":"","protected":false},"author":1,"featured_media":0,"parent":236,"menu_order":0,"comment_status":"closed","ping_status":"closed","template":"","meta":{"footnotes":""},"_links":{"self":[{"href":"https:\/\/indecosoft.ro\/site\/wp-json\/wp\/v2\/pages\/1067"}],"collection":[{"href":"https:\/\/indecosoft.ro\/site\/wp-json\/wp\/v2\/pages"}],"about":[{"href":"https:\/\/indecosoft.ro\/site\/wp-json\/wp\/v2\/types\/page"}],"author":[{"embeddable":true,"href":"https:\/\/indecosoft.ro\/site\/wp-json\/wp\/v2\/users\/1"}],"replies":[{"embeddable":true,"href":"https:\/\/indecosoft.ro\/site\/wp-json\/wp\/v2\/comments?post=1067"}],"version-history":[{"count":13,"href":"https:\/\/indecosoft.ro\/site\/wp-json\/wp\/v2\/pages\/1067\/revisions"}],"predecessor-version":[{"id":6566,"href":"https:\/\/indecosoft.ro\/site\/wp-json\/wp\/v2\/pages\/1067\/revisions\/6566"}],"up":[{"embeddable":true,"href":"https:\/\/indecosoft.ro\/site\/wp-json\/wp\/v2\/pages\/236"}],"wp:attachment":[{"href":"https:\/\/indecosoft.ro\/site\/wp-json\/wp\/v2\/media?parent=1067"}],"curies":[{"name":"wp","href":"https:\/\/api.w.org\/{rel}","templated":true}]}}