{"id":1057,"date":"2012-02-13T09:15:19","date_gmt":"2012-02-13T07:15:19","guid":{"rendered":"https:\/\/indecosoft.ro\/site\/?page_id=1057"},"modified":"2017-09-26T14:57:33","modified_gmt":"2017-09-26T12:57:33","slug":"asistenta-sociala","status":"publish","type":"page","link":"https:\/\/indecosoft.ro\/site\/produse-si-solutii\/produse-pentru-administratia-publica\/asistenta-sociala\/","title":{"rendered":"Asisten\u021b\u0103 Social\u0103"},"content":{"rendered":"<section class=\"kc-elm kc-css-425556 kc_row\"><div class=\"kc-row-container  kc-container\"><div class=\"kc-wrap-columns\"><div class=\"kc-elm kc-css-856552 kc_col-sm-12 kc_column kc_col-sm-12\"><div class=\"kc-col-container\"><div class=\"kc-elm kc-css-75575\" style=\"height: 50px; clear: both; width:100%;\"><\/div>\n<div class=\"kc-elm kc-css-482483 kc-animated kc-animate-eff-bounceInRight kc-animate-delay-500 kc-animate-speed-3.5s kc-title-wrap \">\n\n\t<h4 class=\"kc_title\">Asisten\u021b\u0103 Social\u0103<\/h4>\n<\/div>\n<div class=\"kc-elm kc-css-364142\" style=\"height: 50px; clear: both; width:100%;\"><\/div><div class=\"kc-elm kc-css-571669 kc_text_block\"><\/p>\n<h3><img loading=\"lazy\" decoding=\"async\" class=\"alignleft wp-image-1593 imgborder\" src=\"https:\/\/indecosoft.ro\/site\/wp-content\/uploads\/2012\/06\/logo_asisoc-150x150.png\" alt=\"\" width=\"100\" height=\"100\" \/>AsiSoc<\/h3>\n<p style=\"text-align: justify;\">Sistemul informatic integrat AsiSoc asist\u0103 procesul de acordare a diferitelor tipuri de beneficii sociale facilit\u00e2nd gestionarea dosarelor de asisten\u021b\u0103 social\u0103 \u0219i generarea sumelor acordate \u015fi plata acestor sume beneficiarilor de asisten\u0163\u0103 social\u0103.<\/p>\n<p><!--:--><\/p>\n<p>\n<\/div><div class=\"kc-elm kc-css-32246 kc_text_block\"><\/p>\n<p><strong><a href=\"https:\/\/indecosoft.ro\/site\/asisoc\/\">Mai multe detalii&#8230;<\/a><\/strong><\/p>\n<p>\n<\/div><div class=\"kc-elm kc-css-700052\" style=\"height: 100px; clear: both; width:100%;\"><\/div><\/div><\/div><\/div><\/div><\/section>\n","protected":false},"excerpt":{"rendered":"","protected":false},"author":1,"featured_media":0,"parent":236,"menu_order":0,"comment_status":"closed","ping_status":"closed","template":"","meta":{"footnotes":""},"_links":{"self":[{"href":"https:\/\/indecosoft.ro\/site\/wp-json\/wp\/v2\/pages\/1057"}],"collection":[{"href":"https:\/\/indecosoft.ro\/site\/wp-json\/wp\/v2\/pages"}],"about":[{"href":"https:\/\/indecosoft.ro\/site\/wp-json\/wp\/v2\/types\/page"}],"author":[{"embeddable":true,"href":"https:\/\/indecosoft.ro\/site\/wp-json\/wp\/v2\/users\/1"}],"replies":[{"embeddable":true,"href":"https:\/\/indecosoft.ro\/site\/wp-json\/wp\/v2\/comments?post=1057"}],"version-history":[{"count":28,"href":"https:\/\/indecosoft.ro\/site\/wp-json\/wp\/v2\/pages\/1057\/revisions"}],"predecessor-version":[{"id":6598,"href":"https:\/\/indecosoft.ro\/site\/wp-json\/wp\/v2\/pages\/1057\/revisions\/6598"}],"up":[{"embeddable":true,"href":"https:\/\/indecosoft.ro\/site\/wp-json\/wp\/v2\/pages\/236"}],"wp:attachment":[{"href":"https:\/\/indecosoft.ro\/site\/wp-json\/wp\/v2\/media?parent=1057"}],"curies":[{"name":"wp","href":"https:\/\/api.w.org\/{rel}","templated":true}]}}