{"id":1055,"date":"2012-02-13T09:11:13","date_gmt":"2012-02-13T07:11:13","guid":{"rendered":"https:\/\/indecosoft.ro\/site\/?page_id=1055"},"modified":"2017-09-26T14:58:42","modified_gmt":"2017-09-26T12:58:42","slug":"registre","status":"publish","type":"page","link":"https:\/\/indecosoft.ro\/site\/produse-si-solutii\/produse-pentru-administratia-publica\/registre\/","title":{"rendered":"Registre"},"content":{"rendered":"<section class=\"kc-elm kc-css-165670 kc_row\"><div class=\"kc-row-container  kc-container\"><div class=\"kc-wrap-columns\"><div class=\"kc-elm kc-css-365358 kc_col-sm-12 kc_column kc_col-sm-12\"><div class=\"kc-col-container\"><div class=\"kc-elm kc-css-273621\" style=\"height: 50px; clear: both; width:100%;\"><\/div>\n<div class=\"kc-elm kc-css-650321 kc-animated kc-animate-eff-bounceInRight kc-animate-delay-500 kc-animate-speed-3.5s kc-title-wrap \">\n\n\t<h4 class=\"kc_title\">Registre<\/h4>\n<\/div>\n<div class=\"kc-elm kc-css-910930\" style=\"height: 50px; clear: both; width:100%;\"><\/div><div class=\"kc-elm kc-css-764265 kc_text_block\"><\/p>\n<h3><img loading=\"lazy\" decoding=\"async\" class=\"alignleft size-thumbnail wp-image-1204 imgborder\" src=\"https:\/\/indecosoft.ro\/site\/wp-content\/uploads\/2012\/02\/logo_agroregis-150x150.png\" alt=\"\" width=\"100\" height=\"100\" \/>AgroRegis<\/h3>\n<p style=\"text-align: justify;\">Aplica\u0163ia este destinat\u0103 asigur\u0103rii unei eviden\u0163e unitare \u015fi complete a terenurilor pe categorii de folosin\u0163\u0103 \u015fi a inventarului fiec\u0103rei gospod\u0103rii agricole.<span style=\"font-style: inherit;\">\u00a0<\/span><\/p>\n<p><!--:--><\/p>\n<p>\n<\/div><div class=\"kc-elm kc-css-711089 kc_text_block\"><\/p>\n<p><strong><a href=\"https:\/\/indecosoft.ro\/site\/agroregis\/\">Mai multe detalii&#8230;<\/a><\/strong><\/p>\n<p>\n<\/div><div class=\"kc-elm kc-css-719740\" style=\"height: 50px; clear: both; width:100%;\"><\/div><div class=\"kc-elm kc-css-44890 kc_text_block\"><\/p>\n<h3><img loading=\"lazy\" decoding=\"async\" class=\"alignleft size-thumbnail wp-image-1182 imgborder\" style=\"font-size: 1.3em; font-style: inherit;\" src=\"https:\/\/indecosoft.ro\/site\/wp-content\/uploads\/2012\/02\/logo_stare_civila-150x150.png\" alt=\"\" width=\"100\" height=\"100\" \/><\/h3>\n<h3>Stare Civil\u0103<\/h3>\n<p>Aplica\u0163ia gestioneaz\u0103 eviden\u0163a na\u015fterilor, c\u0103s\u0103toriilor \u015fi deceselor \u00eempreun\u0103 cu men\u0163iunile \u015fi list\u0103rile aferente acestora.<\/p>\n<p><!--:--><\/p>\n<p>\n<\/div><div class=\"kc-elm kc-css-748682 kc_text_block\"><\/p>\n<p><strong><a href=\"https:\/\/indecosoft.ro\/site\/starecivila\/\">Mai multe detalii&#8230;<\/a><\/strong><\/p>\n<p>\n<\/div><div class=\"kc-elm kc-css-201494\" style=\"height: 100px; clear: both; width:100%;\"><\/div><\/div><\/div><\/div><\/div><\/section>\n","protected":false},"excerpt":{"rendered":"","protected":false},"author":1,"featured_media":0,"parent":236,"menu_order":0,"comment_status":"closed","ping_status":"closed","template":"","meta":{"footnotes":""},"_links":{"self":[{"href":"https:\/\/indecosoft.ro\/site\/wp-json\/wp\/v2\/pages\/1055"}],"collection":[{"href":"https:\/\/indecosoft.ro\/site\/wp-json\/wp\/v2\/pages"}],"about":[{"href":"https:\/\/indecosoft.ro\/site\/wp-json\/wp\/v2\/types\/page"}],"author":[{"embeddable":true,"href":"https:\/\/indecosoft.ro\/site\/wp-json\/wp\/v2\/users\/1"}],"replies":[{"embeddable":true,"href":"https:\/\/indecosoft.ro\/site\/wp-json\/wp\/v2\/comments?post=1055"}],"version-history":[{"count":11,"href":"https:\/\/indecosoft.ro\/site\/wp-json\/wp\/v2\/pages\/1055\/revisions"}],"predecessor-version":[{"id":6601,"href":"https:\/\/indecosoft.ro\/site\/wp-json\/wp\/v2\/pages\/1055\/revisions\/6601"}],"up":[{"embeddable":true,"href":"https:\/\/indecosoft.ro\/site\/wp-json\/wp\/v2\/pages\/236"}],"wp:attachment":[{"href":"https:\/\/indecosoft.ro\/site\/wp-json\/wp\/v2\/media?parent=1055"}],"curies":[{"name":"wp","href":"https:\/\/api.w.org\/{rel}","templated":true}]}}