{"id":1053,"date":"2012-02-13T09:10:16","date_gmt":"2012-02-13T07:10:16","guid":{"rendered":"https:\/\/indecosoft.ro\/site\/?page_id=1053"},"modified":"2017-09-26T14:57:10","modified_gmt":"2017-09-26T12:57:10","slug":"investitii-achizitii-dezvoltare","status":"publish","type":"page","link":"https:\/\/indecosoft.ro\/site\/produse-si-solutii\/investitii-achizitii-dezvoltare\/","title":{"rendered":"Investi\u021bii, Achizi\u021bii, Dezvoltare"},"content":{"rendered":"<p><section class=\"kc-elm kc-css-284191 kc_row\"><div class=\"kc-row-container  kc-container\"><div class=\"kc-wrap-columns\"><div class=\"kc-elm kc-css-21832 kc_col-sm-12 kc_column kc_col-sm-12\"><div class=\"kc-col-container\"><div class=\"kc-elm kc-css-416403\" style=\"height: 50px; clear: both; width:100%;\"><\/div>\n<div class=\"kc-elm kc-css-595910 kc-animated kc-animate-eff-bounceInRight kc-animate-delay-500 kc-animate-speed-3.5s kc-title-wrap \">\n\n\t<h4 class=\"kc_title\">Investi\u021bii, Achizi\u021bii, Dezvoltare<\/h4>\n<\/div>\n<div class=\"kc-elm kc-css-682724\" style=\"height: 50px; clear: both; width:100%;\"><\/div><div class=\"kc-elm kc-css-332773 kc_text_block\"><\/p>\n<h3><img loading=\"lazy\" decoding=\"async\" class=\"alignleft size-thumbnail wp-image-793 imgborder\" src=\"https:\/\/indecosoft.ro\/site\/wp-content\/uploads\/2012\/01\/adp_acon-150x150.jpg\" alt=\"Acon\" width=\"100\" height=\"100\" \/>Acon<\/h3>\n<p style=\"text-align: justify;\">Modulul asigur\u0103 suportul informatic necesar procesului de atribuire a contractelor de achizi\u0163ie public\u0103 \u00een conformitate cu Ordonan\u0163a de urgen\u0163\u0103 a Guvernului nr. 34\/2006.<\/p>\n<p>\n<\/div><div class=\"kc-elm kc-css-376232 kc_text_block\"><\/p>\n<p><strong><a href=\"https:\/\/indecosoft.ro\/site\/acon\/\">Mai multe detalii&#8230;<\/a><\/strong><\/p>\n<p>\n<\/div><div class=\"kc-elm kc-css-89061\" style=\"height: 50px; clear: both; width:100%;\"><\/div><div class=\"kc-elm kc-css-915744 kc_text_block\"><\/p>\n<h3><img loading=\"lazy\" decoding=\"async\" class=\"alignleft size-thumbnail wp-image-796 imgborder\" style=\"font-size: 1.3em; font-style: inherit;\" src=\"https:\/\/indecosoft.ro\/site\/wp-content\/uploads\/2012\/01\/adp_invest-150x150.jpg\" alt=\"Invest\" width=\"100\" height=\"100\" \/><\/h3>\n<h3>Invest<\/h3>\n<p style=\"text-align: justify;\">Aplica\u0163ia are ca scop gestionarea investi\u0163iilor prin urm\u0103rirea derul\u0103rii proiectelor care au ca scop realizarea obiectivelor investi\u0163iilor respectiv a achizi\u0163iilor aferente acestora.<\/p>\n<p style=\"text-align: justify;\">\n<\/div><div class=\"kc-elm kc-css-514154 kc_text_block\"><\/p>\n<p><strong><a href=\"https:\/\/indecosoft.ro\/site\/invest\/\">Mai multe detalii&#8230;<\/a><\/strong><\/p>\n<p style=\"text-align: justify;\">\n<\/div><div class=\"kc-elm kc-css-432427\" style=\"height: 50px; clear: both; width:100%;\"><\/div><div class=\"kc-elm kc-css-186357 kc_text_block\"><\/p>\n<h3><img loading=\"lazy\" decoding=\"async\" class=\"alignleft wp-image-1815 imgborder\" style=\"font-size: 1.3em; font-style: inherit;\" src=\"https:\/\/indecosoft.ro\/site\/wp-content\/uploads\/2012\/08\/logo_simpa-150x150.png\" alt=\"\" width=\"100\" height=\"100\" \/><\/h3>\n<h3>SIMPA<\/h3>\n<p>Modulul este destinat gestiunii investi\u0163iilor de capital derulate prin proiecte finan\u0163ate din surse multiple.<br \/>\n<!--:--><\/p>\n<p style=\"text-align: justify;\">\n<\/div><div class=\"kc-elm kc-css-282612 kc_text_block\"><\/p>\n<p><strong><a href=\"https:\/\/indecosoft.ro\/site\/simpa\/\">Mai multe detalii&#8230;<\/a><\/strong><\/p>\n<p style=\"text-align: justify;\">\n<\/div><div class=\"kc-elm kc-css-138328\" style=\"height: 100px; clear: both; width:100%;\"><\/div><\/div><\/div><\/div><\/div><\/section><section class=\"kc-elm kc-css-761636 kc_row\"><div class=\"kc-row-container  kc-container\"><div class=\"kc-wrap-columns\"><div class=\"kc-elm kc-css-797304 kc_col-sm-12 kc_column kc_col-sm-12\"><div class=\"kc-col-container\"><\/div><\/div><\/div><\/div><\/section><section class=\"kc-elm kc-css-540010 kc_row\"><div class=\"kc-row-container  kc-container\"><div class=\"kc-wrap-columns\"><div class=\"kc-elm kc-css-902001 kc_col-sm-12 kc_column kc_col-sm-12\"><div class=\"kc-col-container\"><div class=\"kc-elm kc-css-966912 kc_text_block\"><\/p>\n<p style=\"text-align: justify;\">\n<\/div><\/div><\/div><\/div><\/div><\/section><section class=\"kc-elm kc_row\"><div class=\"kc-row-container  kc-container\"><div class=\"kc-wrap-columns\"><div class=\"kc-elm kc-css-653751 kc_col-sm-12 kc_column kc_col-sm-12\"><div class=\"kc-col-container\"><div class=\"kc-elm kc_text_block\"><\/p>\n<p style=\"text-align: justify;\">\n<\/div><\/div><\/div><\/div><\/div><\/section><\/p>\n","protected":false},"excerpt":{"rendered":"","protected":false},"author":1,"featured_media":0,"parent":213,"menu_order":0,"comment_status":"closed","ping_status":"closed","template":"","meta":{"footnotes":""},"_links":{"self":[{"href":"https:\/\/indecosoft.ro\/site\/wp-json\/wp\/v2\/pages\/1053"}],"collection":[{"href":"https:\/\/indecosoft.ro\/site\/wp-json\/wp\/v2\/pages"}],"about":[{"href":"https:\/\/indecosoft.ro\/site\/wp-json\/wp\/v2\/types\/page"}],"author":[{"embeddable":true,"href":"https:\/\/indecosoft.ro\/site\/wp-json\/wp\/v2\/users\/1"}],"replies":[{"embeddable":true,"href":"https:\/\/indecosoft.ro\/site\/wp-json\/wp\/v2\/comments?post=1053"}],"version-history":[{"count":27,"href":"https:\/\/indecosoft.ro\/site\/wp-json\/wp\/v2\/pages\/1053\/revisions"}],"predecessor-version":[{"id":6748,"href":"https:\/\/indecosoft.ro\/site\/wp-json\/wp\/v2\/pages\/1053\/revisions\/6748"}],"up":[{"embeddable":true,"href":"https:\/\/indecosoft.ro\/site\/wp-json\/wp\/v2\/pages\/213"}],"wp:attachment":[{"href":"https:\/\/indecosoft.ro\/site\/wp-json\/wp\/v2\/media?parent=1053"}],"curies":[{"name":"wp","href":"https:\/\/api.w.org\/{rel}","templated":true}]}}